{"id":1689,"date":"2016-04-26T08:58:38","date_gmt":"2016-04-26T06:58:38","guid":{"rendered":"http:\/\/s475515756.mialojamiento.es\/galton\/?page_id=1689"},"modified":"2026-03-10T09:12:44","modified_gmt":"2026-03-10T07:12:44","slug":"inicio","status":"publish","type":"page","link":"https:\/\/galtonbarcelona.com\/es\/","title":{"rendered":"Inicio"},"content":{"rendered":"<p>[vc_row full_width=\u00bbstretch_row\u00bb bg_type=\u00bbgrad\u00bb bg_grad=\u00bbbackground: -webkit-gradient(linear, left top, left bottom, color-stop(0%, #77B6E6), color-stop(100%, #5575D4));background: -moz-linear-gradient(65deg,#77B6E6 0%,#5575D4 100%);background: -webkit-linear-gradient(65deg,#77B6E6 0%,#5575D4 100%);background: -o-linear-gradient(65deg,#77B6E6 0%,#5575D4 100%);background: -ms-linear-gradient(65deg,#77B6E6 0%,#5575D4 100%);background: linear-gradient(65deg,#77B6E6 0%,#5575D4 100%);\u00bb css=\u00bb.vc_custom_1600409395100{margin-top: -90px !important;margin-bottom: 80px !important;}\u00bb][vc_column][vc_column_text css=\u00bb.vc_custom_1773126530372{padding-top: 50px !important;padding-bottom: 50px !important;}\u00bb]<\/p>\n<p style=\"text-align: center; font-size: 34px;\"><span style=\"color: #ffffff;\"><br \/>\n<b>Consultas presenciales u online.<\/b><br \/>\n<\/span><\/p>\n<p>[\/vc_column_text][\/vc_column][\/vc_row][vc_row gap=\u00bb30&#8243; equal_height=\u00bbyes\u00bb bg_type=\u00bbbg_color\u00bb bg_override=\u00bbex-full\u00bb type=\u00bbvc_default\u00bb css=\u00bb.vc_custom_1595400411987{margin-top: -90px !important;padding-top: 60px !important;padding-right: 25px !important;padding-bottom: 80px !important;padding-left: 25px !important;}\u00bb bg_color_value=\u00bb#f4f4f4&#8243;][vc_column width=\u00bb2\/3&#8243; offset=\u00bbvc_col-lg-offset-2 vc_col-md-offset-2 vc_col-sm-offset-2&#8243;][vc_column_text]<\/p>\n<h2 style=\"text-align: center; font-family: 'Montserrat', Helvetica, Arial, Verdana, sans-serif; font-size: 52px; font-weight: bold; line-height: 62px; color: #333333;\">Trabajamos con ni\u00f1os, adolescentes y adultos<\/h2>\n<p>[\/vc_column_text][\/vc_column][vc_column width=\u00bb2\/3&#8243; css=\u00bb.vc_custom_1575994388705{padding-top: 30px !important;padding-right: 20px !important;padding-bottom: 40px !important;padding-left: 20px !important;background: #34a6f7 url(http:\/\/galtonbarcelona.com\/wp-content\/uploads\/2019\/12\/gradient.jpg?id=1329) !important;background-position: center !important;background-repeat: no-repeat !important;background-size: cover !important;}\u00bb offset=\u00bbvc_col-lg-offset-0 vc_col-lg-4 vc_col-md-offset-0 vc_col-md-4 vc_col-sm-offset-2&#8243;][vc_single_image image=\u00bb1333&#8243; img_size=\u00bb190&#215;190&#8243; alignment=\u00bbcenter\u00bb]<div id=\"ultimate-heading-694669e07be843402\" class=\"uvc-heading ult-adjust-bottom-margin ultimate-heading-694669e07be843402 uvc-4243  uvc-heading-default-font-sizes\" data-hspacer=\"no_spacer\"  data-halign=\"center\" style=\"text-align:center\"><div class=\"uvc-heading-spacer no_spacer\" style=\"top\"><\/div><div class=\"uvc-main-heading ult-responsive\"  data-ultimate-target='.uvc-heading.ultimate-heading-694669e07be843402 h3'  data-responsive-json-new='{\"font-size\":\"\",\"line-height\":\"\"}' ><h3 style=\"font-weight:bold;color:#ffffff;\">NI\u00d1OS<\/h3><\/div><div class=\"uvc-sub-heading ult-responsive\"  data-ultimate-target='.uvc-heading.ultimate-heading-694669e07be843402 .uvc-sub-heading '  data-responsive-json-new='{\"font-size\":\"desktop:14px;\",\"line-height\":\"desktop:28px;\"}'  style=\"font-weight:normal;color:#ffffff;margin-top:10px;margin-bottom:20px;\">Problemas de comportamiento, hiperactividad, mal rendimiento escolar, irritabilidad, ansiedad \/ tristeza, miedos.<\/div><\/div><div class=\" vc_custom_1600856822737 ubtn-ctn-center \"><a class=\"ubtn-link ult-adjust-bottom-margin ubtn-center ubtn-custom \" href=\"https:\/\/galtonbarcelona.com\/es\/galton-que-tratamos\/ninos\/\" title=\"Nens\" ><button type=\"button\" id=\"ubtn-6501\"  class=\"ubtn ult-adjust-bottom-margin ult-responsive ubtn-custom ubtn-fade-bg  none  ubtn-center   tooltip-69e07be84346d\"  data-hover=\"#28a7fb\" data-border-color=\"rgba(255,255,255,0.4)\" data-bg=\"rgba(255,255,255,0.01)\" data-hover-bg=\"#ffffff\" data-border-hover=\"#ffffff\" data-shadow-hover=\"\" data-shadow-click=\"none\" data-shadow=\"\" data-shd-shadow=\"\"  data-ultimate-target='#ubtn-6501'  data-responsive-json-new='{\"font-size\":\"desktop:12px;\",\"line-height\":\"desktop:12px;\"}'  style=\"font-family:&#039;Montserrat&#039;;font-weight:normal;font-style:normal;width:px;min-height:34px;padding:5px 12px;border-radius:0px;border-width:2px;border-color:rgba(255,255,255,0.4);border-style:solid;background: rgba(255,255,255,0.01);color: #ffffff;\"><span class=\"ubtn-hover\" style=\"background-color:#ffffff\"><\/span><span class=\"ubtn-data ubtn-text \" >Problemas y trastornos<\/span><\/button><\/a><\/div>[\/vc_column][vc_column width=\u00bb2\/3&#8243; css=\u00bb.vc_custom_1575994561732{padding-top: 30px !important;padding-right: 20px !important;padding-bottom: 40px !important;padding-left: 20px !important;background: #34a6f7 url(http:\/\/galtonbarcelona.com\/wp-content\/uploads\/2019\/12\/gradient.jpg?id=1329) !important;background-position: center !important;background-repeat: no-repeat !important;background-size: cover !important;}\u00bb offset=\u00bbvc_col-lg-offset-0 vc_col-lg-4 vc_col-md-offset-0 vc_col-md-4 vc_col-sm-offset-2&#8243;][vc_single_image image=\u00bb1332&#8243; img_size=\u00bb190&#215;190&#8243; alignment=\u00bbcenter\u00bb]<div id=\"ultimate-heading-48769e07be843513\" class=\"uvc-heading ult-adjust-bottom-margin ultimate-heading-48769e07be843513 uvc-3617  uvc-heading-default-font-sizes\" data-hspacer=\"no_spacer\"  data-halign=\"center\" style=\"text-align:center\"><div class=\"uvc-heading-spacer no_spacer\" style=\"top\"><\/div><div class=\"uvc-main-heading ult-responsive\"  data-ultimate-target='.uvc-heading.ultimate-heading-48769e07be843513 h3'  data-responsive-json-new='{\"font-size\":\"\",\"line-height\":\"\"}' ><h3 style=\"font-weight:bold;color:#ffffff;\">ADOLESCENTES<\/h3><\/div><div class=\"uvc-sub-heading ult-responsive\"  data-ultimate-target='.uvc-heading.ultimate-heading-48769e07be843513 .uvc-sub-heading '  data-responsive-json-new='{\"font-size\":\"desktop:14px;\",\"line-height\":\"desktop:28px;\"}'  style=\"font-weight:normal;color:#ffffff;margin-top:10px;margin-bottom:20px;\">Alteraciones del estado de \u00e1nimo, preocupaciones por el cuerpo y la comida, comportamiento irritable y desafiante, problemas en las relaciones sociales, riesgo de adicciones, miedos.<\/div><\/div><div class=\" vc_custom_1600856859761 ubtn-ctn-center \"><a class=\"ubtn-link ult-adjust-bottom-margin ubtn-center ubtn-custom \" href=\"https:\/\/galtonbarcelona.com\/es\/galton-que-tratamos\/adolescentes\/\" title=\"Adolescents\" ><button type=\"button\" id=\"ubtn-2207\"  class=\"ubtn ult-adjust-bottom-margin ult-responsive ubtn-custom ubtn-fade-bg  none  ubtn-center   tooltip-69e07be843555\"  data-hover=\"#28a7fb\" data-border-color=\"rgba(255,255,255,0.4)\" data-bg=\"rgba(255,255,255,0.01)\" data-hover-bg=\"#ffffff\" data-border-hover=\"#ffffff\" data-shadow-hover=\"\" data-shadow-click=\"none\" data-shadow=\"\" data-shd-shadow=\"\"  data-ultimate-target='#ubtn-2207'  data-responsive-json-new='{\"font-size\":\"desktop:12px;\",\"line-height\":\"desktop:12px;\"}'  style=\"font-family:&#039;Montserrat&#039;;font-weight:normal;font-style:normal;width:px;min-height:34px;padding:5px 12px;border-radius:0px;border-width:2px;border-color:rgba(255,255,255,0.4);border-style:solid;background: rgba(255,255,255,0.01);color: #ffffff;\"><span class=\"ubtn-hover\" style=\"background-color:#ffffff\"><\/span><span class=\"ubtn-data ubtn-text \" >Problemas y trastornos<\/span><\/button><\/a><\/div>[\/vc_column][vc_column width=\u00bb2\/3&#8243; css=\u00bb.vc_custom_1575994572993{padding-top: 30px !important;padding-right: 20px !important;padding-bottom: 40px !important;padding-left: 20px !important;background: #34a6f7 url(http:\/\/galtonbarcelona.com\/wp-content\/uploads\/2019\/12\/gradient.jpg?id=1329) !important;background-position: center !important;background-repeat: no-repeat !important;background-size: cover !important;}\u00bb offset=\u00bbvc_col-lg-offset-0 vc_col-lg-4 vc_col-md-offset-0 vc_col-md-4 vc_col-sm-offset-2&#8243;][vc_single_image image=\u00bb1334&#8243; img_size=\u00bb190&#215;190&#8243; alignment=\u00bbcenter\u00bb]<div id=\"ultimate-heading-989269e07be8435a7\" class=\"uvc-heading ult-adjust-bottom-margin ultimate-heading-989269e07be8435a7 uvc-9582  uvc-heading-default-font-sizes\" data-hspacer=\"no_spacer\"  data-halign=\"center\" style=\"text-align:center\"><div class=\"uvc-heading-spacer no_spacer\" style=\"top\"><\/div><div class=\"uvc-main-heading ult-responsive\"  data-ultimate-target='.uvc-heading.ultimate-heading-989269e07be8435a7 h3'  data-responsive-json-new='{\"font-size\":\"\",\"line-height\":\"\"}' ><h3 style=\"font-weight:bold;color:#ffffff;\">ADULTOS<\/h3><\/div><div class=\"uvc-sub-heading ult-responsive\"  data-ultimate-target='.uvc-heading.ultimate-heading-989269e07be8435a7 .uvc-sub-heading '  data-responsive-json-new='{\"font-size\":\"desktop:14px;\",\"line-height\":\"desktop:28px;\"}'  style=\"font-weight:normal;color:#ffffff;margin-top:10px;margin-bottom:20px;\">Alteraci\u00f3n del estado de \u00e1nimo, miedos, ansiedad, estr\u00e9s, problemas de pareja, alteraciones alimentarias, tabaquismo y otras adicciones, problemas de personalidad.<\/div><\/div><div class=\" vc_custom_1600856875354 ubtn-ctn-center \"><a class=\"ubtn-link ult-adjust-bottom-margin ubtn-center ubtn-custom \" href=\"https:\/\/galtonbarcelona.com\/es\/galton-que-tratamos\/adultos\/\" title=\"Adults\" ><button type=\"button\" id=\"ubtn-8951\"  class=\"ubtn ult-adjust-bottom-margin ult-responsive ubtn-custom ubtn-fade-bg  none  ubtn-center   tooltip-69e07be8435dd\"  data-hover=\"#28a7fb\" data-border-color=\"rgba(255,255,255,0.4)\" data-bg=\"rgba(255,255,255,0.01)\" data-hover-bg=\"#ffffff\" data-border-hover=\"#ffffff\" data-shadow-hover=\"\" data-shadow-click=\"none\" data-shadow=\"\" data-shd-shadow=\"\"  data-ultimate-target='#ubtn-8951'  data-responsive-json-new='{\"font-size\":\"desktop:12px;\",\"line-height\":\"desktop:12px;\"}'  style=\"font-family:&#039;Montserrat&#039;;font-weight:normal;font-style:normal;width:px;min-height:34px;padding:5px 12px;border-radius:0px;border-width:2px;border-color:rgba(255,255,255,0.4);border-style:solid;background: rgba(255,255,255,0.01);color: #ffffff;\"><span class=\"ubtn-hover\" style=\"background-color:#ffffff\"><\/span><span class=\"ubtn-data ubtn-text \" >Problemas y trastornos<\/span><\/button><\/a><\/div>[\/vc_column][vc_column]<div class=\" vc_custom_1600856846070 ubtn-ctn-center \"><a class=\"ubtn-link ult-adjust-bottom-margin ubtn-center ubtn-custom \" href=\"https:\/\/galtonbarcelona.com\/es\/galton-que-tratamos\/\" title=\"Qu\u00e9 tratamos\" ><button type=\"button\" id=\"ubtn-1374\"  class=\"ubtn ult-adjust-bottom-margin ult-responsive ubtn-custom ubtn-fade-bg  none  ubtn-center   tooltip-69e07be843627\"  data-hover=\"#ffffff\" data-border-color=\"#000000\" data-bg=\"rgba(255,255,255,0.01)\" data-hover-bg=\"#5eb8eb\" data-border-hover=\"#5eb8eb\" data-shadow-hover=\"\" data-shadow-click=\"none\" data-shadow=\"\" data-shd-shadow=\"\"  data-ultimate-target='#ubtn-1374'  data-responsive-json-new='{\"font-size\":\"desktop:16px;\",\"line-height\":\"desktop:16px;\"}'  style=\"font-family:&#039;Montserrat&#039;;font-weight:700;width:240px;min-height:44px;padding:14px 25px;border-radius:0px;border-width:3px;border-color:#000000;border-style:solid;background: rgba(255,255,255,0.01);color: #000000;\"><span class=\"ubtn-hover\" style=\"background-color:#5eb8eb\"><\/span><span class=\"ubtn-data ubtn-text \" >Ver todos los problemas y trastornos<\/span><\/button><\/a><\/div>[\/vc_column][\/vc_row][vc_row full_width=\u00bbstretch_row\u00bb bg_type=\u00bbgrad\u00bb css=\u00bb.vc_custom_1600861517553{padding-top: 40px !important;padding-bottom: 60px !important;}\u00bb bg_grad=\u00bbbackground: -webkit-gradient(linear, left top, left bottom, color-stop(0%, #5EB7EB), color-stop(100%, #4A73DB));background: -moz-linear-gradient(top,#5EB7EB 0%,#4A73DB 100%);background: -webkit-linear-gradient(top,#5EB7EB 0%,#4A73DB 100%);background: -o-linear-gradient(top,#5EB7EB 0%,#4A73DB 100%);background: -ms-linear-gradient(top,#5EB7EB 0%,#4A73DB 100%);background: linear-gradient(top,#5EB7EB 0%,#4A73DB 100%);\u00bb][vc_column width=\u00bb1\/3&#8243;]<div id=\"ultimate-heading-378169e07be843670\" class=\"uvc-heading ult-adjust-bottom-margin ultimate-heading-378169e07be843670 uvc-3541 \" data-hspacer=\"no_spacer\"  data-halign=\"left\" style=\"text-align:left\"><div class=\"uvc-heading-spacer no_spacer\" style=\"top\"><\/div><div class=\"uvc-main-heading ult-responsive\"  data-ultimate-target='.uvc-heading.ultimate-heading-378169e07be843670 h2'  data-responsive-json-new='{\"font-size\":\"desktop:30px;\",\"line-height\":\"desktop:40px;\"}' ><h2 style=\"--font-weight:theme;color:#ffffff;margin-bottom:10px;\">Contacta con nosotros<\/h2><\/div><\/div>[\/vc_column][vc_column width=\u00bb1\/3&#8243;]<div class=\" vc_custom_1575989932042 ubtn-ctn-right \"><a class=\"ubtn-link ult-adjust-bottom-margin ubtn-right ubtn-custom \" href=\"tel:+34932090899\" ><button type=\"button\" id=\"ubtn-3061\"  class=\"ubtn ult-adjust-bottom-margin ult-responsive ubtn-custom ubtn-fade-bg  none  ubtn-sep-icon ubtn-sep-icon-left  ubtn-right   tooltip-69e07be8436a2\"  data-hover=\"#5eb8eb\" data-border-color=\"rgba(255,255,255,0.4)\" data-bg=\"rgba(255,255,255,0.01)\" data-hover-bg=\"#ffffff\" data-border-hover=\"#ffffff\" data-shadow-hover=\"\" data-shadow-click=\"none\" data-shadow=\"\" data-shd-shadow=\"\"  data-ultimate-target='#ubtn-3061'  data-responsive-json-new='{\"font-size\":\"desktop:20px;\",\"line-height\":\"desktop:20px;\"}'  style=\"font-family:&#039;Montserrat&#039;;font-weight:700;width:255px;min-height:38px;padding:15px 25px;border-radius:0px;border-width:4px;border-color:rgba(255,255,255,0.4);border-style:solid;background: rgba(255,255,255,0.01);color: #ffffff;\"><span class=\"ubtn-data ubtn-icon\"><i class=\"icomoon-the7-font-the7-phone-01\" style=\"font-size:32px;color:#5eb8eb;\"><\/i><\/span><span class=\"ubtn-hover\" style=\"background-color:#ffffff\"><\/span><span class=\"ubtn-data ubtn-text \" >932 090 899<\/span><\/button><\/a><\/div>[\/vc_column][vc_column width=\u00bb1\/3&#8243;]<div class=\" vc_custom_1600861453009 ubtn-ctn-right \"><a class=\"ubtn-link ult-adjust-bottom-margin ubtn-right ubtn-custom \" href=\"tel:+34650190054\" ><button type=\"button\" id=\"ubtn-3204\"  class=\"ubtn ult-adjust-bottom-margin ult-responsive ubtn-custom ubtn-fade-bg  none  ubtn-sep-icon ubtn-sep-icon-left  ubtn-right   tooltip-69e07be8436f0\"  data-hover=\"#5eb8eb\" data-border-color=\"rgba(255,255,255,0.4)\" data-bg=\"rgba(255,255,255,0.01)\" data-hover-bg=\"#ffffff\" data-border-hover=\"#ffffff\" data-shadow-hover=\"\" data-shadow-click=\"none\" data-shadow=\"\" data-shd-shadow=\"\"  data-ultimate-target='#ubtn-3204'  data-responsive-json-new='{\"font-size\":\"desktop:20px;\",\"line-height\":\"desktop:20px;\"}'  style=\"font-family:&#039;Montserrat&#039;;font-weight:700;width:255px;min-height:38px;padding:15px 25px;border-radius:0px;border-width:4px;border-color:rgba(255,255,255,0.4);border-style:solid;background: rgba(255,255,255,0.01);color: #ffffff;\"><span class=\"ubtn-data ubtn-icon\"><i class=\"icomoon-the7-font-the7-phone-01\" style=\"font-size:32px;color:#5eb8eb;\"><\/i><\/span><span class=\"ubtn-hover\" style=\"background-color:#ffffff\"><\/span><span class=\"ubtn-data ubtn-text \" >650 19 00 54<\/span><\/button><\/a><\/div>[\/vc_column][\/vc_row][vc_row type=\u00bbvc_default\u00bb css=\u00bb.vc_custom_1461851167541{padding-top: 80px !important;padding-bottom: 80px !important;}\u00bb][vc_column width=\u00bb2\/3&#8243; offset=\u00bbvc_col-lg-offset-2 vc_col-md-offset-2 vc_col-sm-offset-2&#8243;][vc_column_text]<\/p>\n<h2 style=\"text-align: center; font-family: 'Montserrat', Helvetica, Arial, Verdana, sans-serif; font-size: 52px; font-weight: bold; line-height: 62px; color: #333333;\">Informaciones<\/h2>\n<p>[\/vc_column_text][\/vc_column][vc_column]<div class=\"dt-shortcode with-isotope\"><div class=\"wf-container dt-blog-shortcode resize-by-browser-width loading-effect-none iso-grid description-under-image content-align-left\" data-padding=\"25px\" data-cur-page=\"1\" data-posts-per-page=\"-1\" data-desktop-columns-num=\"3\" data-v-tablet-columns-num=\"3\" data-h-tablet-columns-num=\"3\" data-phone-columns-num=\"1\" data-width=\"370px\" data-columns=\"3\">\n<div class=\"wf-cell\" data-post-id=\"2021\" data-date=\"2020-08-25T10:29:28+02:00\" data-name=\"Placebos, f\u00e1rmacos y psicoterapias\">\n\t<article class=\"post post-2021 type-post status-publish format-standard has-post-thumbnail hentry category-informaciones category-44 description-off\">\n\n\t\t\n\t\t\t<div class=\"blog-media wf-td\">\n\n\t\t\t\t<p><a href=\"https:\/\/galtonbarcelona.com\/es\/placebos-farmacos-y-psicoterapias\/\" class=\"alignnone rollover layzr-bg\" ><img fetchpriority=\"high\" decoding=\"async\" class=\"preload-me iso-lazy-load aspect\" src=\"data:image\/svg+xml,%3Csvg%20xmlns%3D&#39;http%3A%2F%2Fwww.w3.org%2F2000%2Fsvg&#39;%20viewBox%3D&#39;0%200%20555%20370&#39;%2F%3E\" data-src=\"https:\/\/galtonbarcelona.com\/wp-content\/uploads\/2020\/08\/placebos-555x370.jpg\" data-srcset=\"https:\/\/galtonbarcelona.com\/wp-content\/uploads\/2020\/08\/placebos-555x370.jpg 555w, https:\/\/galtonbarcelona.com\/wp-content\/uploads\/2020\/08\/placebos-1110x740.jpg 1110w\" loading=\"eager\" style=\"--ratio: 555 \/ 370\" sizes=\"(max-width: 555px) 100vw, 555px\" alt=\"Portada del art\u00edculo Placebos, f\u00e1rmacos y psicoterapias con dibujos de medicamentos\" title=\"placebos\" width=\"555\" height=\"370\"  \/><\/a><\/p>\n\t\t\t<\/div>\n\n\t\t\n\t\t<div class=\"blog-content wf-td\">\n\t\t\t<h3 class=\"entry-title\"><a href=\"https:\/\/galtonbarcelona.com\/es\/placebos-farmacos-y-psicoterapias\/\" title=\"Placebos, f\u00e1rmacos y psicoterapias\" rel=\"bookmark\">Placebos, f\u00e1rmacos y psicoterapias<\/a><\/h3>\n\n\t\t\t<p>Actualiza y revisa el efecto placebo, explicando el papel que juega en cualquier tipo de tratamiento. Es un importante agente terap\u00e9utico y est\u00e1 muy relacionado con las caracter\u00edsticas humanas y profesionales de los terapeutas y sanitarios en general, especialmente los dedicados a la salud mental. es el \u00faltimo libro publicado por profesionales de Galton.<\/p>\n\n\t\t<\/div>\n\n\t<\/article>\n\n<\/div>\n<div class=\"wf-cell\" data-post-id=\"2022\" data-date=\"2020-08-25T10:26:28+02:00\" data-name=\"Experiencias psic\u00f3ticas en la infancia\">\n\t<article class=\"post post-2022 type-post status-publish format-standard has-post-thumbnail hentry category-informaciones category-44 description-off\">\n\n\t\t\n\t\t\t<div class=\"blog-media wf-td\">\n\n\t\t\t\t<p><a href=\"https:\/\/galtonbarcelona.com\/es\/experiencias-psicoticas-en-la-infancia\/\" class=\"alignnone rollover layzr-bg\" ><img decoding=\"async\" class=\"preload-me iso-lazy-load aspect\" src=\"data:image\/svg+xml,%3Csvg%20xmlns%3D&#39;http%3A%2F%2Fwww.w3.org%2F2000%2Fsvg&#39;%20viewBox%3D&#39;0%200%20555%20370&#39;%2F%3E\" data-src=\"https:\/\/galtonbarcelona.com\/wp-content\/uploads\/2020\/08\/trastorns-555x370.jpg\" data-srcset=\"https:\/\/galtonbarcelona.com\/wp-content\/uploads\/2020\/08\/trastorns-555x370.jpg 555w, https:\/\/galtonbarcelona.com\/wp-content\/uploads\/2020\/08\/trastorns-1110x740.jpg 1110w\" loading=\"eager\" style=\"--ratio: 555 \/ 370\" sizes=\"(max-width: 555px) 100vw, 555px\" alt=\"Dos siluetas de perfiles superpuestos en azul de articulo sobre los trastornos de la personalidad\" title=\"trastorns\" width=\"555\" height=\"370\"  \/><\/a><\/p>\n\t\t\t<\/div>\n\n\t\t\n\t\t<div class=\"blog-content wf-td\">\n\t\t\t<h3 class=\"entry-title\"><a href=\"https:\/\/galtonbarcelona.com\/es\/experiencias-psicoticas-en-la-infancia\/\" title=\"Experiencias psic\u00f3ticas en la infancia\" rel=\"bookmark\">Experiencias psic\u00f3ticas en la infancia<\/a><\/h3>\n\n\t\t\t<p>Se consideran experiencias psic\u00f3ticas tener alguna alucinaci\u00f3n (visual o auditiva), ciertas interpretaciones delirantes (ser espiado, perseguido, que alguien controla el pensamiento &#8230;), y otros. Un estudio de varias universidades brit\u00e1nicas hecho con cerca de 4.000 personas de 24 a\u00f1os ha encontrado que 8.1% hab\u00edan vivido alguna de estas experiencias entre 13 y 24 a\u00f1os, preferentemente&hellip;<\/p>\n\n<a href=\"https:\/\/galtonbarcelona.com\/es\/experiencias-psicoticas-en-la-infancia\/\" class=\"details more-link\" aria-label=\"Read more about Experiencias psic\u00f3ticas en la infancia\">Detalles<\/a>\n\n\t\t<\/div>\n\n\t<\/article>\n\n<\/div>\n<div class=\"wf-cell\" data-post-id=\"2023\" data-date=\"2020-08-25T08:57:37+02:00\" data-name=\"Problemas de sue\u00f1o en el Trastorno por d\u00e9ficit de atenci\u00f3n con hiperactividad (TDAH)\">\n\t<article class=\"post post-2023 type-post status-publish format-standard has-post-thumbnail hentry category-informaciones category-44 description-off\">\n\n\t\t\n\t\t\t<div class=\"blog-media wf-td\">\n\n\t\t\t\t<p><a href=\"https:\/\/galtonbarcelona.com\/es\/problemas-de-sueno-en-el-trastorno-por-deficit-de-atencion-con-hiperactividad-tdah\/\" class=\"alignnone rollover layzr-bg\" ><img decoding=\"async\" class=\"preload-me iso-lazy-load aspect\" src=\"data:image\/svg+xml,%3Csvg%20xmlns%3D&#39;http%3A%2F%2Fwww.w3.org%2F2000%2Fsvg&#39;%20viewBox%3D&#39;0%200%20555%20370&#39;%2F%3E\" data-src=\"https:\/\/galtonbarcelona.com\/wp-content\/uploads\/2020\/08\/sleeping-555x370.jpg\" data-srcset=\"https:\/\/galtonbarcelona.com\/wp-content\/uploads\/2020\/08\/sleeping-555x370.jpg 555w, https:\/\/galtonbarcelona.com\/wp-content\/uploads\/2020\/08\/sleeping-1110x740.jpg 1110w\" loading=\"eager\" style=\"--ratio: 555 \/ 370\" sizes=\"(max-width: 555px) 100vw, 555px\" alt=\"Ni\u00f1o cansado apoyado sobre libros con gafas delante en Galton, TDAH en adolescentes tratamiento\" title=\"sleeping\" width=\"555\" height=\"370\"  \/><\/a><\/p>\n\t\t\t<\/div>\n\n\t\t\n\t\t<div class=\"blog-content wf-td\">\n\t\t\t<h3 class=\"entry-title\"><a href=\"https:\/\/galtonbarcelona.com\/es\/problemas-de-sueno-en-el-trastorno-por-deficit-de-atencion-con-hiperactividad-tdah\/\" title=\"Problemas de sue\u00f1o en el Trastorno por d\u00e9ficit de atenci\u00f3n con hiperactividad (TDAH)\" rel=\"bookmark\">Problemas de sue\u00f1o en el Trastorno por d\u00e9ficit de atenci\u00f3n con hiperactividad (TDAH)<\/a><\/h3>\n\n\t\t\t<p>Es frecuente que ni\u00f1os y adolescentes con TDAH presenten irregularidades en el dormir. Investigadores del Hospital de Cincinnati han estudiado en adolescentes TDAH las diferencias que se pod\u00edan observar durmiendo 6.5 horas o 9.5 horas durante 1 semana. Con el horario de 6.5 horas aparec\u00eda somnolencia y aumentaban inatenci\u00f3n, lentitud en los rendimientos y oposicionismo.&hellip;<\/p>\n\n<a href=\"https:\/\/galtonbarcelona.com\/es\/problemas-de-sueno-en-el-trastorno-por-deficit-de-atencion-con-hiperactividad-tdah\/\" class=\"details more-link\" aria-label=\"Read more about Problemas de sue\u00f1o en el Trastorno por d\u00e9ficit de atenci\u00f3n con hiperactividad (TDAH)\">Detalles<\/a>\n\n\t\t<\/div>\n\n\t<\/article>\n\n<\/div><\/div><\/div>[\/vc_column][\/vc_row]<\/p>\n","protected":false},"excerpt":{"rendered":"<p>[vc_row full_width=\u00bbstretch_row\u00bb bg_type=\u00bbgrad\u00bb bg_grad=\u00bbbackground: -webkit-gradient(linear, left top, left bottom, color-stop(0%, #77B6E6), color-stop(100%, #5575D4));background: -moz-linear-gradient(65deg,#77B6E6 0%,#5575D4 100%);background: -webkit-linear-gradient(65deg,#77B6E6 0%,#5575D4 100%);background: -o-linear-gradient(65deg,#77B6E6 0%,#5575D4 100%);background: -ms-linear-gradient(65deg,#77B6E6 0%,#5575D4 100%);background: linear-gradient(65deg,#77B6E6 0%,#5575D4 100%);\u00bb css=\u00bb.vc_custom_1600409395100{margin-top: -90px !important;margin-bottom: 80px !important;}\u00bb][vc_column][vc_column_text css=\u00bb.vc_custom_1773126530372{padding-top: 50px !important;padding-bottom: 50px !important;}\u00bb] Consultas presenciales u online. [\/vc_column_text][\/vc_column][\/vc_row][vc_row gap=\u00bb30&#8243; equal_height=\u00bbyes\u00bb bg_type=\u00bbbg_color\u00bb bg_override=\u00bbex-full\u00bb type=\u00bbvc_default\u00bb css=\u00bb.vc_custom_1595400411987{margin-top: -90px !important;padding-top: 60px !important;padding-right: 25px !important;padding-bottom:&hellip;<\/p>\n","protected":false},"author":1,"featured_media":0,"parent":0,"menu_order":0,"comment_status":"closed","ping_status":"closed","template":"template-microsite.php","meta":{"footnotes":""},"_links":{"self":[{"href":"https:\/\/galtonbarcelona.com\/es\/wp-json\/wp\/v2\/pages\/1689"}],"collection":[{"href":"https:\/\/galtonbarcelona.com\/es\/wp-json\/wp\/v2\/pages"}],"about":[{"href":"https:\/\/galtonbarcelona.com\/es\/wp-json\/wp\/v2\/types\/page"}],"author":[{"embeddable":true,"href":"https:\/\/galtonbarcelona.com\/es\/wp-json\/wp\/v2\/users\/1"}],"replies":[{"embeddable":true,"href":"https:\/\/galtonbarcelona.com\/es\/wp-json\/wp\/v2\/comments?post=1689"}],"version-history":[{"count":20,"href":"https:\/\/galtonbarcelona.com\/es\/wp-json\/wp\/v2\/pages\/1689\/revisions"}],"predecessor-version":[{"id":2486,"href":"https:\/\/galtonbarcelona.com\/es\/wp-json\/wp\/v2\/pages\/1689\/revisions\/2486"}],"wp:attachment":[{"href":"https:\/\/galtonbarcelona.com\/es\/wp-json\/wp\/v2\/media?parent=1689"}],"curies":[{"name":"wp","href":"https:\/\/api.w.org\/{rel}","templated":true}]}}