{"id":1756,"date":"2020-06-18T13:38:51","date_gmt":"2020-06-18T11:38:51","guid":{"rendered":"http:\/\/s475515756.mialojamiento.es\/galton\/?page_id=1756"},"modified":"2026-03-10T09:26:24","modified_gmt":"2026-03-10T07:26:24","slug":"sobre-galton","status":"publish","type":"page","link":"https:\/\/galtonbarcelona.com\/es\/sobre-galton\/","title":{"rendered":"Sobre Galton"},"content":{"rendered":"<p>[vc_row][vc_column width=\u00bb2\/3&#8243;][vc_column_text]<\/p>\n<h2 style=\"font-family: Montserrat, Helvetica, Arial, Verdana, sans-serif; font-size: 38px; font-weight: bold; line-height: 62px; color: #333333; text-align: left;\">Gabinete de psicolog\u00eda y psiquiatr\u00eda de referencia en Barcelona<\/h2>\n<p>[\/vc_column_text][vc_empty_space height=\u00bb45px\u00bb][vc_column_text]<\/p>\n<h3>Los inicios de Gabinete Galton (1964)<\/h3>\n<p>En el a\u00f1o 1964 se constituy\u00f3 la <strong>Fundaci\u00f3n Galton<\/strong>, instituci\u00f3n privada pionera en la creaci\u00f3n y desarrollo de un equipo multidisciplinar dedicado al estudio y tratamiento de distintos problemas que plantea la salud mental, fundamentando esta actividad desde el primer momento en un enfoque lo m\u00e1s cient\u00edfico possible.<\/p>\n<h3>Consolidaci\u00f3n del proyecto<\/h3>\n<p>Disuelta la Fundaci\u00f3n por motivos administrativos, en 1970 se constituy\u00f3 el actual <strong>Gabinet Col.lectiu Galton<\/strong>, inicialment dirigida\u00a0 a la evaluaci\u00f3n, orientaci\u00f3n y tratamiento de los distintos problemes psicosociales y trastornos psiqui\u00e1tricos que pueden sofrir ninos, adolescentes y j\u00f3venes. Poco tiempo despu\u00e9s todas estas actividades se extendieron y generalizaron a los problemes y trastornos de los adultos y de las fam\u00edlias. Tratamos <strong>problemas de ansiedad<\/strong>, <strong>trastornos alimentarios<\/strong>, el <strong>TDAH<\/strong>, <strong>depresi\u00f3n, estr\u00e9s<\/strong>, <strong>f\u00f2bias<\/strong>, <strong>problemes de pareja<\/strong>, entre otros que puedes consultar en la p\u00e0gina.<\/p>\n<h3>Crecimiento cont\u00ednuo<\/h3>\n<p>La orientaci\u00f3n cient\u00edfica y el trabajo multidisciplinar han estado permanentemente presentes durante estos m\u00e1s de 50 a\u00f1os. Esto implica una plantilla profesional que incluye m\u00e9dicos psiquiatras, psic\u00f3logos cl\u00ednicos, logopedas, etc.\u00a0 Adem\u00e1s la instituci\u00f3n tiene como consultores profesionales especializados en diferentes \u00e1reas de la salud mental.<\/p>\n<h3>Miembros hist\u00f3ricos<\/h3>\n<p>Son muchos los profesionales que a lo largo de los a\u00f1os han formado parte del equipo de Galton. Destacamos Josep Toro Trallero como miembro fundador en el a\u00f1o 1964. Agradecemos especialmente la dedicaci\u00f3n profesional de Montserrat Cervera, Ma. Helena Feliu y Aurora Jorquera.[\/vc_column_text][vc_empty_space height=\u00bb35px\u00bb]<div class=\" vc_custom_1601393392871 ubtn-ctn-center \"><a class=\"ubtn-link ult-adjust-bottom-margin ubtn-center ubtn-custom \" href=\"https:\/\/galtonbarcelona.com\/es\/equipo-profesional\/\" title=\"Equipo Profesional\" ><button type=\"button\" id=\"ubtn-8585\"  class=\"ubtn ult-adjust-bottom-margin ult-responsive ubtn-custom ubtn-fade-bg  none  ubtn-center   tooltip-69e5deafdec05\"  data-hover=\"#ffffff\" data-border-color=\"#000000\" data-bg=\"rgba(255,255,255,0.01)\" data-hover-bg=\"#5eb8eb\" data-border-hover=\"#5eb8eb\" data-shadow-hover=\"\" data-shadow-click=\"none\" data-shadow=\"\" data-shd-shadow=\"\"  data-ultimate-target='#ubtn-8585'  data-responsive-json-new='{\"font-size\":\"desktop:16px;\",\"line-height\":\"desktop:16px;\"}'  style=\"font-family:&#039;Montserrat&#039;;font-weight:700;width:240px;min-height:44px;padding:14px 25px;border-radius:0px;border-width:3px;border-color:#000000;border-style:solid;background: rgba(255,255,255,0.01);color: #000000;\"><span class=\"ubtn-hover\" style=\"background-color:#5eb8eb\"><\/span><span class=\"ubtn-data ubtn-text \" >Conocer el equipo profesional<\/span><\/button><\/a><\/div>[\/vc_column][vc_column width=\u00bb1\/3&#8243;][vc_column_text]<\/p>\n<h3 style=\"text-align: center;\">M\u00e1s de 50 a\u00f1os de aval<\/h3>\n<p>[\/vc_column_text][vc_single_image image=\u00bb1757&#8243; img_size=\u00bbfull\u00bb alignment=\u00bbcenter\u00bb][\/vc_column][\/vc_row]<\/p>\n","protected":false},"excerpt":{"rendered":"<p>[vc_row][vc_column width=\u00bb2\/3&#8243;][vc_column_text] Gabinete de psicolog\u00eda y psiquiatr\u00eda de referencia en Barcelona [\/vc_column_text][vc_empty_space height=\u00bb45px\u00bb][vc_column_text] Los inicios de Gabinete Galton (1964) En el a\u00f1o 1964 se constituy\u00f3 la Fundaci\u00f3n Galton, instituci\u00f3n privada pionera en la creaci\u00f3n y desarrollo de un equipo multidisciplinar dedicado al estudio y tratamiento de distintos problemas que plantea la salud mental, fundamentando esta&hellip;<\/p>\n","protected":false},"author":1,"featured_media":0,"parent":0,"menu_order":0,"comment_status":"closed","ping_status":"closed","template":"","meta":{"footnotes":""},"_links":{"self":[{"href":"https:\/\/galtonbarcelona.com\/es\/wp-json\/wp\/v2\/pages\/1756"}],"collection":[{"href":"https:\/\/galtonbarcelona.com\/es\/wp-json\/wp\/v2\/pages"}],"about":[{"href":"https:\/\/galtonbarcelona.com\/es\/wp-json\/wp\/v2\/types\/page"}],"author":[{"embeddable":true,"href":"https:\/\/galtonbarcelona.com\/es\/wp-json\/wp\/v2\/users\/1"}],"replies":[{"embeddable":true,"href":"https:\/\/galtonbarcelona.com\/es\/wp-json\/wp\/v2\/comments?post=1756"}],"version-history":[{"count":7,"href":"https:\/\/galtonbarcelona.com\/es\/wp-json\/wp\/v2\/pages\/1756\/revisions"}],"predecessor-version":[{"id":2491,"href":"https:\/\/galtonbarcelona.com\/es\/wp-json\/wp\/v2\/pages\/1756\/revisions\/2491"}],"wp:attachment":[{"href":"https:\/\/galtonbarcelona.com\/es\/wp-json\/wp\/v2\/media?parent=1756"}],"curies":[{"name":"wp","href":"https:\/\/api.w.org\/{rel}","templated":true}]}}