{"id":1859,"date":"2020-06-18T15:36:26","date_gmt":"2020-06-18T13:36:26","guid":{"rendered":"http:\/\/s475515756.mialojamiento.es\/galton\/?page_id=1859"},"modified":"2020-07-31T08:44:47","modified_gmt":"2020-07-31T06:44:47","slug":"adultos","status":"publish","type":"page","link":"https:\/\/galtonbarcelona.com\/es\/galton-que-tratamos\/adultos\/","title":{"rendered":"Adultos"},"content":{"rendered":"<p>[vc_row][vc_column]<div class=\"dt-shortcode with-isotope\"><div class=\"wf-container dt-portfolio-shortcode loading-effect-none iso-grid bg-under-post description-under-image content-align-left\" data-padding=\"20px\" data-cur-page=\"1\" data-posts-per-page=\"-1\" data-width=\"270px\" data-columns=\"4\">\n<div class=\"wf-cell category-41 category-42 category-40\" data-post-id=\"1798\" data-date=\"2020-06-17T09:38:34+02:00\" data-name=\"Trastornos de ansiedad\">\n<article class=\"post post-1798 dt_portfolio type-dt_portfolio status-publish has-post-thumbnail hentry dt_portfolio_category-02-adolescentes dt_portfolio_category-03-adultos dt_portfolio_category-01-ninos dt_portfolio_category-41 dt_portfolio_category-42 dt_portfolio_category-40 bg-on\">\n\n\t<div class=\"project-list-media\">\n\t<figure class=\"buttons-on-img forward-post\">\n\t\t<a href=\"https:\/\/galtonbarcelona.com\/es\/que-tratamos\/trastornos-de-ansiedad\/\" class=\"alignnone rollover layzr-bg\" title=\"Galton-_0018_Trastorns-d\u2019ansietat\"  aria-label=\"Post image\"><img fetchpriority=\"high\" decoding=\"async\" class=\"preload-me iso-lazy-load aspect\" src=\"data:image\/svg+xml,%3Csvg%20xmlns%3D&#39;http%3A%2F%2Fwww.w3.org%2F2000%2Fsvg&#39;%20viewBox%3D&#39;0%200%20405%20405&#39;%2F%3E\" data-src=\"https:\/\/galtonbarcelona.com\/wp-content\/uploads\/2020\/06\/Galton-_0018_Trastorns-d\u2019ansietat-405x405.png\" data-srcset=\"https:\/\/galtonbarcelona.com\/wp-content\/uploads\/2020\/06\/Galton-_0018_Trastorns-d\u2019ansietat-405x405.png 405w, https:\/\/galtonbarcelona.com\/wp-content\/uploads\/2020\/06\/Galton-_0018_Trastorns-d\u2019ansietat.png 800w\" loading=\"eager\" style=\"--ratio: 405 \/ 405\" sizes=\"(max-width: 405px) 100vw, 405px\" alt=\"Dibujo de mujer tiritando que simboliza los trastornos de ansiedad tratados en Galton Barcelona\" width=\"405\" height=\"405\"  \/><\/a>\t\t\t<\/figure>\n<\/div>\n<div class=\"project-list-content\">\n\t<h3 class=\"entry-title\"><a href=\"https:\/\/galtonbarcelona.com\/es\/que-tratamos\/trastornos-de-ansiedad\/\" title=\"Trastornos de ansiedad\" rel=\"bookmark\">Trastornos de ansiedad<\/a><\/h3><\/div>\n<\/article>\n\n<\/div>\n<div class=\"wf-cell category-41 category-42 category-40\" data-post-id=\"1812\" data-date=\"2020-06-17T16:59:53+02:00\" data-name=\"Trastorno depresivo\">\n<article class=\"post post-1812 dt_portfolio type-dt_portfolio status-publish has-post-thumbnail hentry dt_portfolio_category-02-adolescentes dt_portfolio_category-03-adultos dt_portfolio_category-01-ninos dt_portfolio_category-41 dt_portfolio_category-42 dt_portfolio_category-40 bg-on\">\n\n\t<div class=\"project-list-media\">\n\t<figure class=\"buttons-on-img forward-post\">\n\t\t<a href=\"https:\/\/galtonbarcelona.com\/es\/que-tratamos\/trastorno-depresivo\/\" class=\"alignnone rollover layzr-bg\" title=\"Galton-_0017_Trastorns-depresiu\"  aria-label=\"Post image\"><img decoding=\"async\" class=\"preload-me iso-lazy-load aspect\" src=\"data:image\/svg+xml,%3Csvg%20xmlns%3D&#39;http%3A%2F%2Fwww.w3.org%2F2000%2Fsvg&#39;%20viewBox%3D&#39;0%200%20405%20405&#39;%2F%3E\" data-src=\"https:\/\/galtonbarcelona.com\/wp-content\/uploads\/2020\/06\/Galton-_0017_Trastorns-depresiu-405x405.png\" data-srcset=\"https:\/\/galtonbarcelona.com\/wp-content\/uploads\/2020\/06\/Galton-_0017_Trastorns-depresiu-405x405.png 405w, https:\/\/galtonbarcelona.com\/wp-content\/uploads\/2020\/06\/Galton-_0017_Trastorns-depresiu.png 800w\" loading=\"eager\" style=\"--ratio: 405 \/ 405\" sizes=\"(max-width: 405px) 100vw, 405px\" alt=\"Hombre sentado en el suelo con una nube tratado por psic\u00f3logo depresi\u00f3n Barcelona\" width=\"405\" height=\"405\"  \/><\/a>\t\t\t<\/figure>\n<\/div>\n<div class=\"project-list-content\">\n\t<h3 class=\"entry-title\"><a href=\"https:\/\/galtonbarcelona.com\/es\/que-tratamos\/trastorno-depresivo\/\" title=\"Trastorno depresivo\" rel=\"bookmark\">Trastorno depresivo<\/a><\/h3><\/div>\n<\/article>\n\n<\/div>\n<div class=\"wf-cell category-41 category-42 category-40\" data-post-id=\"1818\" data-date=\"2020-06-17T17:27:54+02:00\" data-name=\"Trastornos del comportamiento alimentario (TCA)\">\n<article class=\"post post-1818 dt_portfolio type-dt_portfolio status-publish has-post-thumbnail hentry dt_portfolio_category-02-adolescentes dt_portfolio_category-03-adultos dt_portfolio_category-01-ninos dt_portfolio_category-41 dt_portfolio_category-42 dt_portfolio_category-40 bg-on\">\n\n\t<div class=\"project-list-media\">\n\t<figure class=\"buttons-on-img forward-post\">\n\t\t<a href=\"https:\/\/galtonbarcelona.com\/es\/que-tratamos\/trastornos-del-comportamiento-alimentario-tca\/\" class=\"alignnone rollover layzr-bg\" title=\"Galton-_0016_Trastorns-del-comportament-alimentari\"  aria-label=\"Post image\"><img decoding=\"async\" class=\"preload-me iso-lazy-load aspect\" src=\"data:image\/svg+xml,%3Csvg%20xmlns%3D&#39;http%3A%2F%2Fwww.w3.org%2F2000%2Fsvg&#39;%20viewBox%3D&#39;0%200%20405%20405&#39;%2F%3E\" data-src=\"https:\/\/galtonbarcelona.com\/wp-content\/uploads\/2020\/06\/Galton-_0016_Trastorns-del-0Dcomportament-alimentari-405x405.png\" data-srcset=\"https:\/\/galtonbarcelona.com\/wp-content\/uploads\/2020\/06\/Galton-_0016_Trastorns-del-0Dcomportament-alimentari-405x405.png 405w, https:\/\/galtonbarcelona.com\/wp-content\/uploads\/2020\/06\/Galton-_0016_Trastorns-del-0Dcomportament-alimentari.png 800w\" loading=\"eager\" style=\"--ratio: 405 \/ 405\" sizes=\"(max-width: 405px) 100vw, 405px\" alt=\"Mujer de espaldas abrazando a una figura grande que simboliza tratamiento del TCA en Galton\" width=\"405\" height=\"405\"  \/><\/a>\t\t\t<\/figure>\n<\/div>\n<div class=\"project-list-content\">\n\t<h3 class=\"entry-title\"><a href=\"https:\/\/galtonbarcelona.com\/es\/que-tratamos\/trastornos-del-comportamiento-alimentario-tca\/\" title=\"Trastornos del comportamiento alimentario (TCA)\" rel=\"bookmark\">Trastornos del comportamiento alimentario (TCA)<\/a><\/h3><\/div>\n<\/article>\n\n<\/div>\n<div class=\"wf-cell category-41 category-42 category-40\" data-post-id=\"1814\" data-date=\"2020-06-17T17:41:48+02:00\" data-name=\"Trastornos obsesivos-compulsivos (TOC)\">\n<article class=\"post post-1814 dt_portfolio type-dt_portfolio status-publish has-post-thumbnail hentry dt_portfolio_category-02-adolescentes dt_portfolio_category-03-adultos dt_portfolio_category-01-ninos dt_portfolio_category-41 dt_portfolio_category-42 dt_portfolio_category-40 bg-on\">\n\n\t<div class=\"project-list-media\">\n\t<figure class=\"buttons-on-img forward-post\">\n\t\t<a href=\"https:\/\/galtonbarcelona.com\/es\/que-tratamos\/trastornos-obsesivos-compulsivos-toc\/\" class=\"alignnone rollover layzr-bg\" title=\"Galton-_0015_Trastorn-obsessiucompulsiu-(TOC)\"  aria-label=\"Post image\"><img decoding=\"async\" class=\"preload-me iso-lazy-load aspect\" src=\"data:image\/svg+xml,%3Csvg%20xmlns%3D&#39;http%3A%2F%2Fwww.w3.org%2F2000%2Fsvg&#39;%20viewBox%3D&#39;0%200%20405%20405&#39;%2F%3E\" data-src=\"https:\/\/galtonbarcelona.com\/wp-content\/uploads\/2020\/06\/Galton-_0015_Trastorn-obsessiu0Dcompulsiu-TOC-405x405.png\" data-srcset=\"https:\/\/galtonbarcelona.com\/wp-content\/uploads\/2020\/06\/Galton-_0015_Trastorn-obsessiu0Dcompulsiu-TOC-405x405.png 405w, https:\/\/galtonbarcelona.com\/wp-content\/uploads\/2020\/06\/Galton-_0015_Trastorn-obsessiu0Dcompulsiu-TOC.png 800w\" loading=\"eager\" style=\"--ratio: 405 \/ 405\" sizes=\"(max-width: 405px) 100vw, 405px\" alt=\"Dibujo de hombre saltando rect\u00e1ngulos que simboliza tratamiento TOC en adolescentes en Galton\" width=\"405\" height=\"405\"  \/><\/a>\t\t\t<\/figure>\n<\/div>\n<div class=\"project-list-content\">\n\t<h3 class=\"entry-title\"><a href=\"https:\/\/galtonbarcelona.com\/es\/que-tratamos\/trastornos-obsesivos-compulsivos-toc\/\" title=\"Trastornos obsesivos-compulsivos (TOC)\" rel=\"bookmark\">Trastornos obsesivos-compulsivos (TOC)<\/a><\/h3><\/div>\n<\/article>\n\n<\/div>\n<div class=\"wf-cell category-41 category-42\" data-post-id=\"1795\" data-date=\"2020-06-17T18:03:49+02:00\" data-name=\"Trastornos de la comunicaci\u00f3n\">\n<article class=\"post post-1795 dt_portfolio type-dt_portfolio status-publish has-post-thumbnail hentry dt_portfolio_category-02-adolescentes dt_portfolio_category-03-adultos dt_portfolio_category-41 dt_portfolio_category-42 bg-on\">\n\n\t<div class=\"project-list-media\">\n\t<figure class=\"buttons-on-img forward-post\">\n\t\t<a href=\"https:\/\/galtonbarcelona.com\/es\/que-tratamos\/trastornos-de-la-comunicacion\/\" class=\"alignnone rollover layzr-bg\" title=\"Galton-_0012_Trastorns-de-la-comunicacio\u0301\"  aria-label=\"Post image\"><img decoding=\"async\" class=\"preload-me iso-lazy-load aspect\" src=\"data:image\/svg+xml,%3Csvg%20xmlns%3D&#39;http%3A%2F%2Fwww.w3.org%2F2000%2Fsvg&#39;%20viewBox%3D&#39;0%200%20405%20405&#39;%2F%3E\" data-src=\"https:\/\/galtonbarcelona.com\/wp-content\/uploads\/2020\/06\/Galton-_0012_Trastorns-de-la-comunicacio\u0301-405x405.png\" data-srcset=\"https:\/\/galtonbarcelona.com\/wp-content\/uploads\/2020\/06\/Galton-_0012_Trastorns-de-la-comunicacio\u0301-405x405.png 405w, https:\/\/galtonbarcelona.com\/wp-content\/uploads\/2020\/06\/Galton-_0012_Trastorns-de-la-comunicacio\u0301.png 800w\" loading=\"eager\" style=\"--ratio: 405 \/ 405\" sizes=\"(max-width: 405px) 100vw, 405px\" alt=\"Ni\u00f1o con bocadillo de habla; psic\u00f3logo infanto juvenil Barcelona para trastornos de la comunicaci\u00f3n\" width=\"405\" height=\"405\"  \/><\/a>\t\t\t<\/figure>\n<\/div>\n<div class=\"project-list-content\">\n\t<h3 class=\"entry-title\"><a href=\"https:\/\/galtonbarcelona.com\/es\/que-tratamos\/trastornos-de-la-comunicacion\/\" title=\"Trastornos de la comunicaci\u00f3n\" rel=\"bookmark\">Trastornos de la comunicaci\u00f3n<\/a><\/h3><\/div>\n<\/article>\n\n<\/div>\n<div class=\"wf-cell category-41 category-42\" data-post-id=\"1787\" data-date=\"2020-06-18T13:06:26+02:00\" data-name=\"Trastornos de personalidad\">\n<article class=\"post post-1787 dt_portfolio type-dt_portfolio status-publish has-post-thumbnail hentry dt_portfolio_category-02-adolescentes dt_portfolio_category-03-adultos dt_portfolio_category-41 dt_portfolio_category-42 bg-on\">\n\n\t<div class=\"project-list-media\">\n\t<figure class=\"buttons-on-img forward-post\">\n\t\t<a href=\"https:\/\/galtonbarcelona.com\/es\/que-tratamos\/trastornos-de-personalidad\/\" class=\"alignnone rollover layzr-bg\" title=\"Galton-_0010_Trastorns-de-personalitat\"  aria-label=\"Post image\"><img decoding=\"async\" class=\"preload-me iso-lazy-load aspect\" src=\"data:image\/svg+xml,%3Csvg%20xmlns%3D&#39;http%3A%2F%2Fwww.w3.org%2F2000%2Fsvg&#39;%20viewBox%3D&#39;0%200%20405%20405&#39;%2F%3E\" data-src=\"https:\/\/galtonbarcelona.com\/wp-content\/uploads\/2020\/06\/Galton-_0010_Trastorns-de-personalitat-405x405.png\" data-srcset=\"https:\/\/galtonbarcelona.com\/wp-content\/uploads\/2020\/06\/Galton-_0010_Trastorns-de-personalitat-405x405.png 405w, https:\/\/galtonbarcelona.com\/wp-content\/uploads\/2020\/06\/Galton-_0010_Trastorns-de-personalitat.png 800w\" loading=\"eager\" style=\"--ratio: 405 \/ 405\" sizes=\"(max-width: 405px) 100vw, 405px\" alt=\"Mujer con m\u00e1scara que simboliza tratamiento para trastornos de la personalidad en Galton Barcelona\" width=\"405\" height=\"405\"  \/><\/a>\t\t\t<\/figure>\n<\/div>\n<div class=\"project-list-content\">\n\t<h3 class=\"entry-title\"><a href=\"https:\/\/galtonbarcelona.com\/es\/que-tratamos\/trastornos-de-personalidad\/\" title=\"Trastornos de personalidad\" rel=\"bookmark\">Trastornos de personalidad<\/a><\/h3><\/div>\n<\/article>\n\n<\/div>\n<div class=\"wf-cell category-42\" data-post-id=\"1784\" data-date=\"2020-06-18T13:07:47+02:00\" data-name=\"Problemas de pareja\">\n<article class=\"post post-1784 dt_portfolio type-dt_portfolio status-publish has-post-thumbnail hentry dt_portfolio_category-03-adultos dt_portfolio_category-42 bg-on\">\n\n\t<div class=\"project-list-media\">\n\t<figure class=\"buttons-on-img forward-post\">\n\t\t<a href=\"https:\/\/galtonbarcelona.com\/es\/que-tratamos\/problemas-de-pareja\/\" class=\"alignnone rollover layzr-bg\" title=\"Galton-_0009_Problemes-de-parella\"  aria-label=\"Post image\"><img decoding=\"async\" class=\"preload-me iso-lazy-load aspect\" src=\"data:image\/svg+xml,%3Csvg%20xmlns%3D&#39;http%3A%2F%2Fwww.w3.org%2F2000%2Fsvg&#39;%20viewBox%3D&#39;0%200%20405%20405&#39;%2F%3E\" data-src=\"https:\/\/galtonbarcelona.com\/wp-content\/uploads\/2020\/06\/Galton-_0009_Problemes-de-parella-405x405.png\" data-srcset=\"https:\/\/galtonbarcelona.com\/wp-content\/uploads\/2020\/06\/Galton-_0009_Problemes-de-parella-405x405.png 405w, https:\/\/galtonbarcelona.com\/wp-content\/uploads\/2020\/06\/Galton-_0009_Problemes-de-parella.png 800w\" loading=\"eager\" style=\"--ratio: 405 \/ 405\" sizes=\"(max-width: 405px) 100vw, 405px\" alt=\"Pareja sentada con corazon roto que simboliza terapia pareja Barcelona en Galton\" width=\"405\" height=\"405\"  \/><\/a>\t\t\t<\/figure>\n<\/div>\n<div class=\"project-list-content\">\n\t<h3 class=\"entry-title\"><a href=\"https:\/\/galtonbarcelona.com\/es\/que-tratamos\/problemas-de-pareja\/\" title=\"Problemas de pareja\" rel=\"bookmark\">Problemas de pareja<\/a><\/h3><\/div>\n<\/article>\n\n<\/div>\n<div class=\"wf-cell category-41 category-42 category-40\" data-post-id=\"1781\" data-date=\"2020-06-18T13:09:02+02:00\" data-name=\"Trastornos psic\u00f3ticos\">\n<article class=\"post post-1781 dt_portfolio type-dt_portfolio status-publish has-post-thumbnail hentry dt_portfolio_category-02-adolescentes dt_portfolio_category-03-adultos dt_portfolio_category-01-ninos dt_portfolio_category-41 dt_portfolio_category-42 dt_portfolio_category-40 bg-on\">\n\n\t<div class=\"project-list-media\">\n\t<figure class=\"buttons-on-img forward-post\">\n\t\t<a href=\"https:\/\/galtonbarcelona.com\/es\/que-tratamos\/trastornos-psicoticos\/\" class=\"alignnone rollover layzr-bg\" title=\"Galton-_0008_Trastorns-psico\u0300tics\"  aria-label=\"Post image\"><img decoding=\"async\" class=\"preload-me iso-lazy-load aspect\" src=\"data:image\/svg+xml,%3Csvg%20xmlns%3D&#39;http%3A%2F%2Fwww.w3.org%2F2000%2Fsvg&#39;%20viewBox%3D&#39;0%200%20405%20405&#39;%2F%3E\" data-src=\"https:\/\/galtonbarcelona.com\/wp-content\/uploads\/2020\/06\/Galton-_0008_Trastorns-psico\u0300tics-405x405.png\" data-srcset=\"https:\/\/galtonbarcelona.com\/wp-content\/uploads\/2020\/06\/Galton-_0008_Trastorns-psico\u0300tics-405x405.png 405w, https:\/\/galtonbarcelona.com\/wp-content\/uploads\/2020\/06\/Galton-_0008_Trastorns-psico\u0300tics.png 800w\" loading=\"eager\" style=\"--ratio: 405 \/ 405\" sizes=\"(max-width: 405px) 100vw, 405px\" alt=\"Ni\u00f1o con trastorno psic\u00f3tico delante de sombras tratado por psiquiatras Barcelona en Galton\" width=\"405\" height=\"405\"  \/><\/a>\t\t\t<\/figure>\n<\/div>\n<div class=\"project-list-content\">\n\t<h3 class=\"entry-title\"><a href=\"https:\/\/galtonbarcelona.com\/es\/que-tratamos\/trastornos-psicoticos\/\" title=\"Trastornos psic\u00f3ticos\" rel=\"bookmark\">Trastornos psic\u00f3ticos<\/a><\/h3><\/div>\n<\/article>\n\n<\/div>\n<div class=\"wf-cell category-42\" data-post-id=\"1778\" data-date=\"2020-06-18T13:10:50+02:00\" data-name=\"Prevenci\u00f3n y mejora del bienestar emocional y social\">\n<article class=\"post post-1778 dt_portfolio type-dt_portfolio status-publish has-post-thumbnail hentry dt_portfolio_category-03-adultos dt_portfolio_category-42 bg-on\">\n\n\t<div class=\"project-list-media\">\n\t<figure class=\"buttons-on-img forward-post\">\n\t\t<a href=\"https:\/\/galtonbarcelona.com\/es\/que-tratamos\/prevencion-y-mejora-del-bienestar-emocional-y-social\/\" class=\"alignnone rollover layzr-bg\" title=\"Galton-_0007_Prevencio\u0301-i-millora-del-benestar-emocional-i-social\"  aria-label=\"Post image\"><img decoding=\"async\" class=\"preload-me iso-lazy-load aspect\" src=\"data:image\/svg+xml,%3Csvg%20xmlns%3D&#39;http%3A%2F%2Fwww.w3.org%2F2000%2Fsvg&#39;%20viewBox%3D&#39;0%200%20405%20405&#39;%2F%3E\" data-src=\"https:\/\/galtonbarcelona.com\/wp-content\/uploads\/2020\/06\/Galton-_0007_Prevencio\u0301-i-millora-del-0Dbenestar-emocional-i-social-405x405.png\" data-srcset=\"https:\/\/galtonbarcelona.com\/wp-content\/uploads\/2020\/06\/Galton-_0007_Prevencio\u0301-i-millora-del-0Dbenestar-emocional-i-social-405x405.png 405w, https:\/\/galtonbarcelona.com\/wp-content\/uploads\/2020\/06\/Galton-_0007_Prevencio\u0301-i-millora-del-0Dbenestar-emocional-i-social.png 800w\" loading=\"eager\" style=\"--ratio: 405 \/ 405\" sizes=\"(max-width: 405px) 100vw, 405px\" alt=\"Mujer y hombre bailando para la prevenci\u00f3n y mejora del bienestar emocional y social en Galton\" width=\"405\" height=\"405\"  \/><\/a>\t\t\t<\/figure>\n<\/div>\n<div class=\"project-list-content\">\n\t<h3 class=\"entry-title\"><a href=\"https:\/\/galtonbarcelona.com\/es\/que-tratamos\/prevencion-y-mejora-del-bienestar-emocional-y-social\/\" title=\"Prevenci\u00f3n y mejora del bienestar emocional y social\" rel=\"bookmark\">Prevenci\u00f3n y mejora del bienestar emocional y social<\/a><\/h3><\/div>\n<\/article>\n\n<\/div>\n<div class=\"wf-cell category-41 category-42 category-40\" data-post-id=\"1775\" data-date=\"2020-06-18T13:14:44+02:00\" data-name=\"Problemas en las relaciones sociales\">\n<article class=\"post post-1775 dt_portfolio type-dt_portfolio status-publish has-post-thumbnail hentry dt_portfolio_category-02-adolescentes dt_portfolio_category-03-adultos dt_portfolio_category-01-ninos dt_portfolio_category-41 dt_portfolio_category-42 dt_portfolio_category-40 bg-on\">\n\n\t<div class=\"project-list-media\">\n\t<figure class=\"buttons-on-img forward-post\">\n\t\t<a href=\"https:\/\/galtonbarcelona.com\/es\/que-tratamos\/problemas-en-las-relaciones-sociales\/\" class=\"alignnone rollover layzr-bg\" title=\"Galton-_0006_Problemes-en-les-relacions-socials\"  aria-label=\"Post image\"><img decoding=\"async\" class=\"preload-me iso-lazy-load aspect\" src=\"data:image\/svg+xml,%3Csvg%20xmlns%3D&#39;http%3A%2F%2Fwww.w3.org%2F2000%2Fsvg&#39;%20viewBox%3D&#39;0%200%20405%20405&#39;%2F%3E\" data-src=\"https:\/\/galtonbarcelona.com\/wp-content\/uploads\/2020\/06\/Galton-_0006_Problemes-en-les-0Drelacions-socials-405x405.png\" data-srcset=\"https:\/\/galtonbarcelona.com\/wp-content\/uploads\/2020\/06\/Galton-_0006_Problemes-en-les-0Drelacions-socials-405x405.png 405w, https:\/\/galtonbarcelona.com\/wp-content\/uploads\/2020\/06\/Galton-_0006_Problemes-en-les-0Drelacions-socials.png 800w\" loading=\"eager\" style=\"--ratio: 405 \/ 405\" sizes=\"(max-width: 405px) 100vw, 405px\" alt=\"Persona sentada dentro un marco para tratamiento de problemas en las relaciones sociales en Galton\" width=\"405\" height=\"405\"  \/><\/a>\t\t\t<\/figure>\n<\/div>\n<div class=\"project-list-content\">\n\t<h3 class=\"entry-title\"><a href=\"https:\/\/galtonbarcelona.com\/es\/que-tratamos\/problemas-en-las-relaciones-sociales\/\" title=\"Problemas en las relaciones sociales\" rel=\"bookmark\">Problemas en las relaciones sociales<\/a><\/h3><\/div>\n<\/article>\n\n<\/div>\n<div class=\"wf-cell category-42\" data-post-id=\"1820\" data-date=\"2020-06-19T13:00:55+02:00\" data-name=\"Trastornos adictivos\">\n<article class=\"post post-1820 dt_portfolio type-dt_portfolio status-publish has-post-thumbnail hentry dt_portfolio_category-03-adultos dt_portfolio_category-42 bg-on\">\n\n\t<div class=\"project-list-media\">\n\t<figure class=\"buttons-on-img forward-post\">\n\t\t<a href=\"https:\/\/galtonbarcelona.com\/es\/que-tratamos\/trastornos-adictivos\/\" class=\"alignnone rollover layzr-bg\" title=\"adiccions\"  aria-label=\"Post image\"><img decoding=\"async\" class=\"preload-me iso-lazy-load aspect\" src=\"data:image\/svg+xml,%3Csvg%20xmlns%3D&#39;http%3A%2F%2Fwww.w3.org%2F2000%2Fsvg&#39;%20viewBox%3D&#39;0%200%20405%20405&#39;%2F%3E\" data-src=\"https:\/\/galtonbarcelona.com\/wp-content\/uploads\/2020\/06\/adiccions-405x405.png\" data-srcset=\"https:\/\/galtonbarcelona.com\/wp-content\/uploads\/2020\/06\/adiccions-405x405.png 405w, https:\/\/galtonbarcelona.com\/wp-content\/uploads\/2020\/06\/adiccions.png 800w\" loading=\"eager\" style=\"--ratio: 405 \/ 405\" sizes=\"(max-width: 405px) 100vw, 405px\" alt=\"Chico de pie con un m\u00f3vil que necesita tratamiento de psicolog\u00eda Barcelona en Galton\" width=\"405\" height=\"405\"  \/><\/a>\t\t\t<\/figure>\n<\/div>\n<div class=\"project-list-content\">\n\t<h3 class=\"entry-title\"><a href=\"https:\/\/galtonbarcelona.com\/es\/que-tratamos\/trastornos-adictivos\/\" title=\"Trastornos adictivos\" rel=\"bookmark\">Trastornos adictivos<\/a><\/h3><\/div>\n<\/article>\n\n<\/div><\/div><\/div>[\/vc_column][\/vc_row]<\/p>\n","protected":false},"excerpt":{"rendered":"<p>[vc_row][vc_column][\/vc_column][\/vc_row]<\/p>\n","protected":false},"author":1,"featured_media":0,"parent":1857,"menu_order":0,"comment_status":"closed","ping_status":"closed","template":"","meta":{"footnotes":""},"_links":{"self":[{"href":"https:\/\/galtonbarcelona.com\/es\/wp-json\/wp\/v2\/pages\/1859"}],"collection":[{"href":"https:\/\/galtonbarcelona.com\/es\/wp-json\/wp\/v2\/pages"}],"about":[{"href":"https:\/\/galtonbarcelona.com\/es\/wp-json\/wp\/v2\/types\/page"}],"author":[{"embeddable":true,"href":"https:\/\/galtonbarcelona.com\/es\/wp-json\/wp\/v2\/users\/1"}],"replies":[{"embeddable":true,"href":"https:\/\/galtonbarcelona.com\/es\/wp-json\/wp\/v2\/comments?post=1859"}],"version-history":[{"count":2,"href":"https:\/\/galtonbarcelona.com\/es\/wp-json\/wp\/v2\/pages\/1859\/revisions"}],"predecessor-version":[{"id":1960,"href":"https:\/\/galtonbarcelona.com\/es\/wp-json\/wp\/v2\/pages\/1859\/revisions\/1960"}],"up":[{"embeddable":true,"href":"https:\/\/galtonbarcelona.com\/es\/wp-json\/wp\/v2\/pages\/1857"}],"wp:attachment":[{"href":"https:\/\/galtonbarcelona.com\/es\/wp-json\/wp\/v2\/media?parent=1859"}],"curies":[{"name":"wp","href":"https:\/\/api.w.org\/{rel}","templated":true}]}}