{"id":2055,"date":"2019-12-02T14:16:19","date_gmt":"2019-12-02T12:16:19","guid":{"rendered":"https:\/\/galtonbarcelona.com\/?page_id=2055"},"modified":"2020-09-18T11:29:43","modified_gmt":"2020-09-18T09:29:43","slug":"politica-de-privacidad","status":"publish","type":"page","link":"https:\/\/galtonbarcelona.com\/es\/politica-de-privacidad\/","title":{"rendered":"Pol\u00edtica de privacidad"},"content":{"rendered":"\r\n<h1 class=\"wp-block-heading\" style=\"text-align: justify;\"><strong>Aviso legal<\/strong><\/h1>\r\n<p style=\"text-align: justify;\"><strong>TITULAR DE LA P\u00c1GINA WEB.<\/strong><\/p>\r\n<p style=\"text-align: justify;\">En cumplimiento de lo previsto en el art.\u00a010 de la Ley 34\/2002, de 11 de julio, de Servicios de la Sociedad de la Informaci\u00f3n y Comercio Electr\u00f3nico, se pone de manifiesto que los datos de identificaci\u00f3n del titular de\u00a0\u00a0<a href=\"http:\/\/www.risk21.com\/\" target=\"_blank\" rel=\"noopener\">www.galtonbarcelona.com<\/a>\u00a0\u00a0\u00a0son:<\/p>\r\n<p style=\"text-align: justify;\"><strong>Denominaci\u00f3n social:<\/strong>\u00a0\u00a0GABINETE COLECTIVO Galton SCP<\/p>\r\n<p style=\"text-align: justify;\"><strong>CIF:<\/strong>\u00a0\u00a0B62228598<\/p>\r\n<p style=\"text-align: justify;\"><strong>Domicilio social:<\/strong>\u00a0\u00a0Muntaner, 208 08036 Barcelona<\/p>\r\n<p style=\"text-align: justify;\"><strong>Tel\u00e9fono:<\/strong>\u00a0\u00a0+34 93 209 08 99<\/p>\r\n<p style=\"text-align: justify;\"><strong>Direcci\u00f3n de correo electr\u00f3nico general: galton.barcelona@gmail.com<\/strong><\/p>\r\n<p style=\"text-align: justify;\"><strong>T\u00c9RMINOS DE USO.<\/strong><\/p>\r\n<p style=\"text-align: justify;\">GABINETE COLECTIVO Galton SCP es titular de los derechos de propiedad intelectual e industrial reflejados en <a href=\"http:\/\/www.risk21.com\/\" target=\"_blank\" rel=\"noopener\">www.galtonbarcelona.com<\/a>, as\u00ed como de todos los elementos contenidos en el mismo. El usuario se compromete a respetar estos derechos<\/p>\r\n<p style=\"text-align: justify;\">La utilizaci\u00f3n o la publicaci\u00f3n, parcial o total, con fines comerciales, de cualquier contenido de la web <a href=\"http:\/\/www.risk21.com\/\" target=\"_blank\" rel=\"noopener\">www.galtonbarcelona.com<\/a> est\u00e1 estrictamente prohibida sin autorizaci\u00f3n previa a GABINETE COLECTIVO Galton SCP Est\u00e1 prohibido, tambi\u00e9n, modificar o suprimir material o contenidos los derechos de los que se reserva GABINETE COLECTIVO Galton SCP.<\/p>\r\n<p style=\"text-align: justify;\">Los encargados de sitios web que creen enlaces con el sitio de <a href=\"http:\/\/www.risk21.com\/\" target=\"_blank\" rel=\"noopener\">www.galtonbarcelona.com<\/a> informar\u00e1n a GABINETE COLECTIVO Galton SCP por escrito al domicilio social indicado en la identificaci\u00f3n del titular del sitio web de este aviso legal. Estas conexiones no implicar\u00e1 ning\u00fan tipo de asociaci\u00f3n o participaci\u00f3n con las entidades conectadas.\u00a0GABINETE COLECTIVO Galton SCP se reserva el derecho a denegar dicho acceso en cualquier momento.<\/p>\r\n<p style=\"text-align: justify;\">En caso de que cualquier usuario de la web\u00a0\u00a0<a href=\"http:\/\/www.risk21.com\/\" target=\"_blank\" rel=\"noopener\">www.galtonbarcelona.com<\/a> entendiera que el contenido o los servicios prestados por las p\u00e1ginas enlazadas son il\u00edcitos, vulneran valores o principios constitucionales, o lesionan bienes o derechos del propio usuario o de un tercero , se ruega que el comuniquen por escrito al domicilio social indicado en la identificaci\u00f3n del titular del sitio web de este aviso legal.<\/p>\r\n<p style=\"text-align: justify;\">GABINETE COLECTIVO Galton SCP no ser\u00e1 responsable, en ning\u00fan caso, los da\u00f1os y perjuicios de cualquier tipo derivados de la falta de lectura de este aviso, o del incumplimiento de las obligaciones espec\u00edficas en las condiciones establecidas en el mismo.\u00a0El visitante responder\u00e1 de los da\u00f1os y perjuicios que pudiera ocasionar en la web <a href=\"http:\/\/www.risk21.com\/\" target=\"_blank\" rel=\"noopener\">www.galtonbarcelona.com<\/a><\/p>\r\n<p style=\"text-align: justify;\"><strong>RESOLUCI\u00d3N DE CONFLICTOS.<\/strong><\/p>\r\n<p style=\"text-align: justify;\">Ser\u00e1 aplicable la normativa espa\u00f1ola vigente y cualquier controversia se someter\u00e1 a los Juzgados y Tribunales de la ciudad de Barcelona.<\/p>\r\n<p style=\"text-align: justify;\"><strong>ACEPTACI\u00d3N DE RESPONSABILIDAD POR PARTE DE USUARIO.<\/strong><\/p>\r\n<p style=\"text-align: justify;\">El uso de la web\u00a0\u00a0<a href=\"http:\/\/www.risk21.com\/\" target=\"_blank\" rel=\"noopener\">www.galtonbarcelona.com<\/a>\u00a0\u00a0propiedad GABINETE COLECTIVO Galton SCP implica la aceptaci\u00f3n de sus \u00abT\u00e9rminos de uso\u00bb que se han detallado anteriormente.<\/p>\r\n<p>\u00a0 <strong>&#8212;&#8212;&#8212;&#8212;&#8212;&#8212;&#8212;&#8212;<\/strong><\/p>\r\n<h1 style=\"text-align: justify;\"><strong>Pol\u00edtica de privacidad<\/strong><\/h1>\r\n<p style=\"text-align: justify;\">GABINETE COLECTIVO Galton SCP es el Responsable del tratamiento de los datos personales del Usuario y le informa que estos datos ser\u00e1n tratados de conformidad con lo dispuesto en la normativa vigente en materia de protecci\u00f3n de datos personales, y especialmente en el Reglamento (UE) 2016\/679 de 27 de abril de 2016 relativo a la protecci\u00f3n de las personas f\u00edsicas en lo que respecta al tratamiento de datos personales ya la libre circulaci\u00f3n de estos datos.<\/p>\r\n<p style=\"text-align: justify;\"><strong>RESPONSABLE DEL TRATAMIENTO DE LOS DATOS<\/strong><\/p>\r\n<p style=\"text-align: justify;\">Identidad: GABINETE COLECTIVO Galton SCP &#8211; CIF: B62228598<\/p>\r\n<p style=\"text-align: justify;\">Direcci\u00f3n: Muntaner, 208 08036 Barcelona<\/p>\r\n<p style=\"text-align: justify;\">Tel\u00e9fono: +34 93 209 08 99<\/p>\r\n<p style=\"text-align: justify;\">E-mail general:\u00a0\u00a0<strong>galton.barcelona@gmail.com <\/strong><\/p>\r\n<p style=\"text-align: justify;\"><strong>FINALIDAD DEL TRATAMIENTO DE DATOS PERSONALES.<\/strong><\/p>\r\n<p style=\"text-align: justify;\">Sus datos personales ser\u00e1n tratados con la finalidad de atender su solicitud en cada uno de los formularios presentes en esta p\u00e1gina web.\u00a0Asimismo ser\u00e1n usados \u200b\u200bpara GABINETE COLECTIVO Galton SCP para informarle de nuestros servicios o novedades referidas a estos.<\/p>\r\n<p style=\"text-align: justify;\">GABINETE COLECTIVO Galton SCP tratar\u00e1 la informaci\u00f3n por usted facilitada de manera confidencial y exclusivamente para las finalidades determinadas, expl\u00edcitos y leg\u00edtimos, y no ser\u00e1n tratados ulteriormente de manera incompatible con dichos fines.\u00a0En caso de que se pretenda tratar los de datos personales para un fin que no sea aquel para el que se recogieron, se proporcionar\u00e1 al interesado, con anterioridad a este tratamiento sobrevenido, informaci\u00f3n sobre esta otro fin y cualquier informaci\u00f3n adicional pertinente.<\/p>\r\n<p style=\"text-align: justify;\"><strong>LEGITIMACI\u00d3N PARA EL TRATAMIENTO DE DATOS PERSONALES.<\/strong><\/p>\r\n<p style=\"text-align: justify;\">La base jur\u00eddica que legitima el tratamiento de sus datos personales es el consentimiento informado, expreso, libre e inequ\u00edvoco que nos facilita cuando marca la casilla \u00ff Acepto el Aviso Legal y Pol\u00edtica de Privacidad y el posterior env\u00edo del formulario donde verifica su consentimiento .<\/p>\r\n<p style=\"text-align: justify;\">Los datos que le solicitamos son adecuados, pertinentes y estrictamente necesarios y en ning\u00fan caso est\u00e1 obligado a facilit\u00e1rnoslos los.<\/p>\r\n<p style=\"text-align: justify;\"><strong>CUANTO TIEMPO conservar los datos personales?<\/strong><\/p>\r\n<p style=\"text-align: justify;\">Los datos personales que nos proporciona ser\u00e1n conservados el tiempo m\u00ednimo necesario para la correcta prestaci\u00f3n del servicio ofrecido, as\u00ed como para atender las responsabilidades que se pudieran derivar del mismo y de cualquier otra exigencia legal.<\/p>\r\n<p style=\"text-align: justify;\"><strong>COMUNICACI\u00d3N DE DATOS A TERCEROS.<\/strong><\/p>\r\n<p style=\"text-align: justify;\">GABINETE COLECTIVO Galton SCP no ceder\u00e1 los datos proporcionados por usted a terceras personas, salvo casos de obligaci\u00f3n legal o mediando su consentimiento expreso.<\/p>\r\n<p style=\"text-align: justify;\"><strong>SUS DERECHOS EN RELACI\u00d3N A LOS DATOS FACILITADOS.<\/strong><\/p>\r\n<p style=\"text-align: justify;\">Cualquier persona tiene derecho a obtener confirmaci\u00f3n sobre si en GABINETE COLECTIVO Galton SCP estamos tratando datos personales que le conciernen, o no.\u00a0Los derechos de protecci\u00f3n de datos que usted puede ejercitar son:<\/p>\r\n<ul style=\"text-align: justify;\">\r\n<li><strong>Derecho de acceso, rectificaci\u00f3n o supresi\u00f3n:<\/strong>\u00a0\u00a0Usted tiene derecho a acceder a sus datos personales, as\u00ed como a solicitar la rectificaci\u00f3n de los datos inexactos o, en su caso, solicitar su supresi\u00f3n cuando, entre otros motivos, las datos ya no sean necesarios para los fines que fueron recogidos.<\/li>\r\n<li><strong>Derecho de oposici\u00f3n:<\/strong>\u00a0\u00a0En determinadas circunstancias usted podr\u00e1 oponerse al tratamiento de sus datos.\u00a0GABINETE COLECTIVO Galton SCP dejar\u00e1 de tratar los datos, excepto por motivos leg\u00edtimos imperiosos o el ejercicio o la defensa de posibles reclamaciones.<\/li>\r\n<li><strong>Derecho a la portabilidad de sus datos:<\/strong>\u00a0\u00a0Usted puede solicitar que sus datos personales automatizados sean cedidos o transferidos a cualquier otra empresa que nos indique en un formato estructurado, inteligible y automatizado.<\/li>\r\n<li><strong>Derecho a solicitar la limitaci\u00f3n de su tratamiento:<\/strong>\u00a0\u00a0En determinadas circunstancias, usted puede solicitar la limitaci\u00f3n del tratamiento de sus datos, en este caso \u00fanicamente los conservaremos para el ejercicio o la defensa de reclamaciones.<\/li>\r\n<li><strong>Derecho a no ser objeto de decisiones individuales automatizadas.<\/strong><\/li>\r\n<\/ul>\r\n<p style=\"text-align: justify;\"><strong>COMO EJERCER ESTOS DERECHOS.<\/strong><\/p>\r\n<p style=\"text-align: justify;\">Usted podr\u00e1 ejercitar sus derechos de protecci\u00f3n de datos personales dirigiendo una comunicaci\u00f3n por escrito al domicilio social de GABINETE COLECTIVO Galton SCP Muntaner, 208 08036 Barcelona, \u200b\u200bindicando la referencia \u00abPROTECCI\u00d3N DE DATOS\u00bb o al correo electr\u00f3nico habilitado al efecto, Galton .barcelona @ gmail.com, incluyendo en ambos casos fotocopia de su DNI u otro documento de identificaci\u00f3n equivalente e indicando su nombre y apellidos, petici\u00f3n en que se concreta la solicitud, direcci\u00f3n a efectos de notificaciones, fecha y firma.<\/p>\r\n<p style=\"text-align: justify;\"><strong>POR QU\u00c9 MOTIVO DISPONEMOS DE SUS DATOS PERSONALES.<\/strong><\/p>\r\n<p style=\"text-align: justify;\">Los datos personales de los que disponemos han sido proporcionados directamente por usted a trav\u00e9s de los contactos que ha tenido con nuestro equipo profesional o mediante los diferentes formularios de los que dispone la p\u00e1gina web, o bien a trav\u00e9s de las cookies instaladas tal como puede consultar -se en nuestra Pol\u00edtica de Cookies.<\/p>\r\n<p style=\"text-align: justify;\"><strong>RETIRADA DEL CONSENTIMIENTO.<\/strong><\/p>\r\n<p style=\"text-align: justify;\">Usted tiene el derecho a retirar el consentimiento en cualquier momento, sin que ello afecte a la licitud del tratamiento basado en el consentimiento previo a su retirada.<\/p>\r\n<p style=\"text-align: justify;\"><strong>RECLAMACIONES.<\/strong><\/p>\r\n<p style=\"text-align: justify;\">Si usted considera que sus datos no son tratados correctamente, puede dirigir sus reclamaciones al Delegado de Protecci\u00f3n de Datos de GABINETE COLECTIVO Galton SCP galton.barcelona@gmail.com, oa la autoridad de control, que en el territorio nacional es la Agencia Espa\u00f1ola de Protecci\u00f3n de Datos, bien a trav\u00e9s de la sede electr\u00f3nica de su portal web (\u00a0\u00a0<a href=\"http:\/\/www.agpd.es\/\" target=\"_blank\" rel=\"noopener\">www.agpd.es<\/a>\u00a0\u00a0), o bien mediante escrito dirigido a su direcci\u00f3n postal (C \/ Jorge Juan, 6, 28001-Madrid ).<\/p>\r\n<p style=\"text-align: justify;\"><strong>\u00bfQu\u00e9 informaci\u00f3n recopila?<\/strong><\/p>\r\n<p style=\"text-align: justify;\">En general, puede usar el Sitio web sin facilitar ninguna informaci\u00f3n de car\u00e1cter personal.<\/p>\r\n<p style=\"text-align: justify;\">Disponemos de varias secciones en nuestra p\u00e1gina web en las que existen formularios de recogida de datos personales que son necesarios para poder prestarle los servicios que nos solicita.\u00a0Los datos de cumplimentaci\u00f3n obligatoria se especifican en el propio formulario, y su negativa a suministrarlos implicar\u00e1 no poder atender su solicitud.\u00a0Cuando nos remite alguno de estos formularios solicit\u00e1ndonos informaci\u00f3n, el usuario garantiza la autenticidad, exactitud y veracidad de toda la informaci\u00f3n que nos facilite, comprometi\u00e9ndose a mantener actualizados los datos que nos facilite de forma que los mismos respondan, en todo momento, a su situaci\u00f3n real.\u00a0El Usuario ser\u00e1 el \u00fanico responsable de las manifestaciones falsas o inexactas y de los perjuicios que las mismas pudieran causar.<\/p>\r\n<p style=\"text-align: justify;\"><strong>SEGURIDAD Y ACTUALIZACI\u00d3N DE SUS DATOS PERSONALES<\/strong><\/p>\r\n<p style=\"text-align: justify;\">Con el objetivo de mantener la seguridad de sus datos personales, le informamos que GABINETE COLECTIVO Galton SCP ha adoptado todas las medidas de \u00edndole t\u00e9cnica y organizativa necesarias para garantizar la seguridad de los datos personales suministrados.\u00a0Tales como Cifrado de datos, confidencialidad de los sistemas de tratamiento, capacidad de respuesta en caso de incidentes t\u00e9cnicos, procedimientos peri\u00f3dicos de verificaci\u00f3n y evaluaci\u00f3n de la seguridad del tratamiento, etc.<\/p>\r\n","protected":false},"excerpt":{"rendered":"<p>Aviso legal TITULAR DE LA P\u00c1GINA WEB. En cumplimiento de lo previsto en el art.\u00a010 de la Ley 34\/2002, de 11 de julio, de Servicios de la Sociedad de la Informaci\u00f3n y Comercio Electr\u00f3nico, se pone de manifiesto que los datos de identificaci\u00f3n del titular de\u00a0\u00a0www.galtonbarcelona.com\u00a0\u00a0\u00a0son: Denominaci\u00f3n social:\u00a0\u00a0GABINETE COLECTIVO Galton SCP CIF:\u00a0\u00a0B62228598 Domicilio social:\u00a0\u00a0Muntaner, 208&hellip;<\/p>\n","protected":false},"author":1,"featured_media":0,"parent":0,"menu_order":0,"comment_status":"closed","ping_status":"closed","template":"","meta":{"footnotes":""},"_links":{"self":[{"href":"https:\/\/galtonbarcelona.com\/es\/wp-json\/wp\/v2\/pages\/2055"}],"collection":[{"href":"https:\/\/galtonbarcelona.com\/es\/wp-json\/wp\/v2\/pages"}],"about":[{"href":"https:\/\/galtonbarcelona.com\/es\/wp-json\/wp\/v2\/types\/page"}],"author":[{"embeddable":true,"href":"https:\/\/galtonbarcelona.com\/es\/wp-json\/wp\/v2\/users\/1"}],"replies":[{"embeddable":true,"href":"https:\/\/galtonbarcelona.com\/es\/wp-json\/wp\/v2\/comments?post=2055"}],"version-history":[{"count":2,"href":"https:\/\/galtonbarcelona.com\/es\/wp-json\/wp\/v2\/pages\/2055\/revisions"}],"predecessor-version":[{"id":2057,"href":"https:\/\/galtonbarcelona.com\/es\/wp-json\/wp\/v2\/pages\/2055\/revisions\/2057"}],"wp:attachment":[{"href":"https:\/\/galtonbarcelona.com\/es\/wp-json\/wp\/v2\/media?parent=2055"}],"curies":[{"name":"wp","href":"https:\/\/api.w.org\/{rel}","templated":true}]}}