{"id":2280,"date":"2020-11-19T18:06:23","date_gmt":"2020-11-19T16:06:23","guid":{"rendered":"https:\/\/galtonbarcelona.com\/?page_id=2280"},"modified":"2020-11-20T12:16:55","modified_gmt":"2020-11-20T10:16:55","slug":"acabar-bien","status":"publish","type":"page","link":"https:\/\/galtonbarcelona.com\/es\/libros\/acabar-bien\/","title":{"rendered":"Acabar bien"},"content":{"rendered":"<p>[vc_row][vc_column width=\u00bb1\/3&#8243;][vc_column_text]AUTORA: Maria Helena Feliu<\/p>\n<p>EDITORIAL: Ilusbooks<\/p>\n<p>A\u00d1O: 2019<\/p>\n<p>Como superar conflictos y pensar con claridad a fin de obtener la adecuada calidad de vida durante y despu\u00e9s de la separaci\u00f3n y el divorcio[\/vc_column_text][\/vc_column][vc_column width=\u00bb1\/3&#8243;][vc_single_image image=\u00bb1712&#8243; img_size=\u00bbfull\u00bb][\/vc_column][vc_column width=\u00bb1\/3&#8243;][vc_single_image image=\u00bb2207&#8243; img_size=\u00bbmedium\u00bb onclick=\u00bbimg_link_large\u00bb css=\u00bb.vc_custom_1605862963892{margin-top: 18px !important;}\u00bb][\/vc_column][\/vc_row]<\/p>\n","protected":false},"excerpt":{"rendered":"<p>[vc_row][vc_column width=\u00bb1\/3&#8243;][vc_column_text]AUTORA: Maria Helena Feliu EDITORIAL: Ilusbooks A\u00d1O: 2019 Como superar conflictos y pensar con claridad a fin de obtener la adecuada calidad de vida durante y despu\u00e9s de la separaci\u00f3n y el divorcio[\/vc_column_text][\/vc_column][vc_column width=\u00bb1\/3&#8243;][vc_single_image image=\u00bb1712&#8243; img_size=\u00bbfull\u00bb][\/vc_column][vc_column width=\u00bb1\/3&#8243;][vc_single_image image=\u00bb2207&#8243; img_size=\u00bbmedium\u00bb onclick=\u00bbimg_link_large\u00bb css=\u00bb.vc_custom_1605862963892{margin-top: 18px !important;}\u00bb][\/vc_column][\/vc_row]<\/p>\n","protected":false},"author":1,"featured_media":0,"parent":1711,"menu_order":0,"comment_status":"closed","ping_status":"closed","template":"","meta":{"footnotes":""},"_links":{"self":[{"href":"https:\/\/galtonbarcelona.com\/es\/wp-json\/wp\/v2\/pages\/2280"}],"collection":[{"href":"https:\/\/galtonbarcelona.com\/es\/wp-json\/wp\/v2\/pages"}],"about":[{"href":"https:\/\/galtonbarcelona.com\/es\/wp-json\/wp\/v2\/types\/page"}],"author":[{"embeddable":true,"href":"https:\/\/galtonbarcelona.com\/es\/wp-json\/wp\/v2\/users\/1"}],"replies":[{"embeddable":true,"href":"https:\/\/galtonbarcelona.com\/es\/wp-json\/wp\/v2\/comments?post=2280"}],"version-history":[{"count":2,"href":"https:\/\/galtonbarcelona.com\/es\/wp-json\/wp\/v2\/pages\/2280\/revisions"}],"predecessor-version":[{"id":2284,"href":"https:\/\/galtonbarcelona.com\/es\/wp-json\/wp\/v2\/pages\/2280\/revisions\/2284"}],"up":[{"embeddable":true,"href":"https:\/\/galtonbarcelona.com\/es\/wp-json\/wp\/v2\/pages\/1711"}],"wp:attachment":[{"href":"https:\/\/galtonbarcelona.com\/es\/wp-json\/wp\/v2\/media?parent=2280"}],"curies":[{"name":"wp","href":"https:\/\/api.w.org\/{rel}","templated":true}]}}