{"id":2289,"date":"2020-11-19T18:37:05","date_gmt":"2020-11-19T16:37:05","guid":{"rendered":"https:\/\/galtonbarcelona.com\/?page_id=2289"},"modified":"2020-11-20T12:17:21","modified_gmt":"2020-11-20T10:17:21","slug":"asesoramiento-familiar-de-educacion-infantil-guia-practica","status":"publish","type":"page","link":"https:\/\/galtonbarcelona.com\/es\/libros\/asesoramiento-familiar-de-educacion-infantil-guia-practica\/","title":{"rendered":"Asesoramiento familiar de educaci\u00f3n infantil (Gu\u00eda pr\u00e1ctica)"},"content":{"rendered":"<p>[vc_row][vc_column width=\u00bb1\/2&#8243;][vc_column_text]AUTORES: Montserrat Cervera i Ma. Helena Feliu<\/p>\n<p>EDITORIAL: Visor Distribuciones<\/p>\n<p>A\u00d1O: 1995<\/p>\n<p>Entender como funciona el comportamiento y saber como aplicarlo ante los retos educativos.[\/vc_column_text][\/vc_column][vc_column width=\u00bb1\/2&#8243;][vc_single_image image=\u00bb1717&#8243; img_size=\u00bbfull\u00bb][\/vc_column][\/vc_row]<\/p>\n","protected":false},"excerpt":{"rendered":"<p>[vc_row][vc_column width=\u00bb1\/2&#8243;][vc_column_text]AUTORES: Montserrat Cervera i Ma. Helena Feliu EDITORIAL: Visor Distribuciones A\u00d1O: 1995 Entender como funciona el comportamiento y saber como aplicarlo ante los retos educativos.[\/vc_column_text][\/vc_column][vc_column width=\u00bb1\/2&#8243;][vc_single_image image=\u00bb1717&#8243; img_size=\u00bbfull\u00bb][\/vc_column][\/vc_row]<\/p>\n","protected":false},"author":1,"featured_media":0,"parent":1711,"menu_order":0,"comment_status":"closed","ping_status":"closed","template":"","meta":{"footnotes":""},"_links":{"self":[{"href":"https:\/\/galtonbarcelona.com\/es\/wp-json\/wp\/v2\/pages\/2289"}],"collection":[{"href":"https:\/\/galtonbarcelona.com\/es\/wp-json\/wp\/v2\/pages"}],"about":[{"href":"https:\/\/galtonbarcelona.com\/es\/wp-json\/wp\/v2\/types\/page"}],"author":[{"embeddable":true,"href":"https:\/\/galtonbarcelona.com\/es\/wp-json\/wp\/v2\/users\/1"}],"replies":[{"embeddable":true,"href":"https:\/\/galtonbarcelona.com\/es\/wp-json\/wp\/v2\/comments?post=2289"}],"version-history":[{"count":2,"href":"https:\/\/galtonbarcelona.com\/es\/wp-json\/wp\/v2\/pages\/2289\/revisions"}],"predecessor-version":[{"id":2310,"href":"https:\/\/galtonbarcelona.com\/es\/wp-json\/wp\/v2\/pages\/2289\/revisions\/2310"}],"up":[{"embeddable":true,"href":"https:\/\/galtonbarcelona.com\/es\/wp-json\/wp\/v2\/pages\/1711"}],"wp:attachment":[{"href":"https:\/\/galtonbarcelona.com\/es\/wp-json\/wp\/v2\/media?parent=2289"}],"curies":[{"name":"wp","href":"https:\/\/api.w.org\/{rel}","templated":true}]}}