{"id":2290,"date":"2020-11-18T18:28:54","date_gmt":"2020-11-18T16:28:54","guid":{"rendered":"https:\/\/galtonbarcelona.com\/?page_id=2290"},"modified":"2020-11-20T12:17:38","modified_gmt":"2020-11-20T10:17:38","slug":"el-adolescente-ante-su-cuerpo-cuerpo-vestido-y-sexo","status":"publish","type":"page","link":"https:\/\/galtonbarcelona.com\/es\/libros\/el-adolescente-ante-su-cuerpo-cuerpo-vestido-y-sexo\/","title":{"rendered":"El adolescente ante su cuerpo. Cuerpo, vestido y sexo"},"content":{"rendered":"<p>[vc_row][vc_column width=\u00bb1\/3&#8243;][vc_column_text]AUTOR:\u00a0 Josep Toro<\/p>\n<p>EDITORIAL:\u00a0 Pir\u00e1mide<\/p>\n<p>A\u00d1O:\u00a0 2013<\/p>\n<p>Se describe el importante papel que el cuerpo juega en la etapa adolescente. La preocupaci\u00f3n por la valoraci\u00f3n est\u00e9tica de su aspecto f\u00edsico, por la forma de exponerlo delante de los dem\u00e1s, y por su sexualidad en general, determinan la mayor parte de su autoestima.[\/vc_column_text][\/vc_column][vc_column width=\u00bb1\/3&#8243;][vc_single_image image=\u00bb1713&#8243; img_size=\u00bbfull\u00bb][\/vc_column][vc_column width=\u00bb1\/3&#8243;][vc_single_image image=\u00bb2211&#8243; img_size=\u00bbmedium\u00bb onclick=\u00bbimg_link_large\u00bb img_link_target=\u00bb_blank\u00bb css=\u00bb.vc_custom_1605863774617{margin-top: 18px !important;}\u00bb][\/vc_column][\/vc_row]<\/p>\n","protected":false},"excerpt":{"rendered":"<p>[vc_row][vc_column width=\u00bb1\/3&#8243;][vc_column_text]AUTOR:\u00a0 Josep Toro EDITORIAL:\u00a0 Pir\u00e1mide A\u00d1O:\u00a0 2013 Se describe el importante papel que el cuerpo juega en la etapa adolescente. La preocupaci\u00f3n por la valoraci\u00f3n est\u00e9tica de su aspecto f\u00edsico, por la forma de exponerlo delante de los dem\u00e1s, y por su sexualidad en general, determinan la mayor parte de su autoestima.[\/vc_column_text][\/vc_column][vc_column width=\u00bb1\/3&#8243;][vc_single_image image=\u00bb1713&#8243;&hellip;<\/p>\n","protected":false},"author":1,"featured_media":0,"parent":1711,"menu_order":0,"comment_status":"closed","ping_status":"closed","template":"","meta":{"footnotes":""},"_links":{"self":[{"href":"https:\/\/galtonbarcelona.com\/es\/wp-json\/wp\/v2\/pages\/2290"}],"collection":[{"href":"https:\/\/galtonbarcelona.com\/es\/wp-json\/wp\/v2\/pages"}],"about":[{"href":"https:\/\/galtonbarcelona.com\/es\/wp-json\/wp\/v2\/types\/page"}],"author":[{"embeddable":true,"href":"https:\/\/galtonbarcelona.com\/es\/wp-json\/wp\/v2\/users\/1"}],"replies":[{"embeddable":true,"href":"https:\/\/galtonbarcelona.com\/es\/wp-json\/wp\/v2\/comments?post=2290"}],"version-history":[{"count":2,"href":"https:\/\/galtonbarcelona.com\/es\/wp-json\/wp\/v2\/pages\/2290\/revisions"}],"predecessor-version":[{"id":2312,"href":"https:\/\/galtonbarcelona.com\/es\/wp-json\/wp\/v2\/pages\/2290\/revisions\/2312"}],"up":[{"embeddable":true,"href":"https:\/\/galtonbarcelona.com\/es\/wp-json\/wp\/v2\/pages\/1711"}],"wp:attachment":[{"href":"https:\/\/galtonbarcelona.com\/es\/wp-json\/wp\/v2\/media?parent=2290"}],"curies":[{"name":"wp","href":"https:\/\/api.w.org\/{rel}","templated":true}]}}