{"id":2291,"date":"2020-11-18T18:36:04","date_gmt":"2020-11-18T16:36:04","guid":{"rendered":"https:\/\/galtonbarcelona.com\/?page_id=2291"},"modified":"2020-11-20T12:17:43","modified_gmt":"2020-11-20T10:17:43","slug":"el-adolescente-en-su-mundo","status":"publish","type":"page","link":"https:\/\/galtonbarcelona.com\/es\/libros\/el-adolescente-en-su-mundo\/","title":{"rendered":"El adolescente en su mundo"},"content":{"rendered":"<p>[vc_row][vc_column width=\u00bb1\/3&#8243;][vc_column_text]AUTOR:\u00a0 Josep Toro<\/p>\n<p>EDITORIAL:\u00a0 Pir\u00e1mide<\/p>\n<p>A\u00d1O:\u00a0 2010<\/p>\n<p>Describe las muy variadas razones (neurofisiol\u00f3gicas, endocrinas, cognitivas, emocionales, sociales, etc.) que explican por qu\u00e9 la adolescencia es la etapa de la vida donde se practican m\u00e1s conductas de riesgo (dietas, alcohol, violencia, cannabis, sexo imprudente, etc.) con sus peligrosas consecuencias.[\/vc_column_text][\/vc_column][vc_column width=\u00bb1\/3&#8243;][vc_single_image image=\u00bb1714&#8243; img_size=\u00bbfull\u00bb][\/vc_column][vc_column width=\u00bb1\/3&#8243;][vc_single_image image=\u00bb2213&#8243; img_size=\u00bbmedium\u00bb onclick=\u00bbimg_link_large\u00bb img_link_target=\u00bb_blank\u00bb css=\u00bb.vc_custom_1605864017825{margin-top: 18px !important;}\u00bb][\/vc_column][\/vc_row]<\/p>\n","protected":false},"excerpt":{"rendered":"<p>[vc_row][vc_column width=\u00bb1\/3&#8243;][vc_column_text]AUTOR:\u00a0 Josep Toro EDITORIAL:\u00a0 Pir\u00e1mide A\u00d1O:\u00a0 2010 Describe las muy variadas razones (neurofisiol\u00f3gicas, endocrinas, cognitivas, emocionales, sociales, etc.) que explican por qu\u00e9 la adolescencia es la etapa de la vida donde se practican m\u00e1s conductas de riesgo (dietas, alcohol, violencia, cannabis, sexo imprudente, etc.) con sus peligrosas consecuencias.[\/vc_column_text][\/vc_column][vc_column width=\u00bb1\/3&#8243;][vc_single_image image=\u00bb1714&#8243; img_size=\u00bbfull\u00bb][\/vc_column][vc_column width=\u00bb1\/3&#8243;][vc_single_image image=\u00bb2213&#8243; img_size=\u00bbmedium\u00bb&hellip;<\/p>\n","protected":false},"author":1,"featured_media":0,"parent":1711,"menu_order":0,"comment_status":"closed","ping_status":"closed","template":"","meta":{"footnotes":""},"_links":{"self":[{"href":"https:\/\/galtonbarcelona.com\/es\/wp-json\/wp\/v2\/pages\/2291"}],"collection":[{"href":"https:\/\/galtonbarcelona.com\/es\/wp-json\/wp\/v2\/pages"}],"about":[{"href":"https:\/\/galtonbarcelona.com\/es\/wp-json\/wp\/v2\/types\/page"}],"author":[{"embeddable":true,"href":"https:\/\/galtonbarcelona.com\/es\/wp-json\/wp\/v2\/users\/1"}],"replies":[{"embeddable":true,"href":"https:\/\/galtonbarcelona.com\/es\/wp-json\/wp\/v2\/comments?post=2291"}],"version-history":[{"count":2,"href":"https:\/\/galtonbarcelona.com\/es\/wp-json\/wp\/v2\/pages\/2291\/revisions"}],"predecessor-version":[{"id":2315,"href":"https:\/\/galtonbarcelona.com\/es\/wp-json\/wp\/v2\/pages\/2291\/revisions\/2315"}],"up":[{"embeddable":true,"href":"https:\/\/galtonbarcelona.com\/es\/wp-json\/wp\/v2\/pages\/1711"}],"wp:attachment":[{"href":"https:\/\/galtonbarcelona.com\/es\/wp-json\/wp\/v2\/media?parent=2291"}],"curies":[{"name":"wp","href":"https:\/\/api.w.org\/{rel}","templated":true}]}}