{"id":2292,"date":"2020-11-18T18:29:34","date_gmt":"2020-11-18T16:29:34","guid":{"rendered":"https:\/\/galtonbarcelona.com\/?page_id=2292"},"modified":"2020-11-20T12:17:48","modified_gmt":"2020-11-20T10:17:48","slug":"el-cuerpo-como-delito","status":"publish","type":"page","link":"https:\/\/galtonbarcelona.com\/es\/libros\/el-cuerpo-como-delito\/","title":{"rendered":"El cuerpo como delito"},"content":{"rendered":"<p>[vc_row][vc_column width=\u00bb1\/3&#8243;][vc_column_text]AUTOR: \u00a0Josep Toro<\/p>\n<p>EDITORIAL:\u00a0 Ariel<\/p>\n<p>A\u00d1O:\u00a0 1996<\/p>\n<p>Descripci\u00f3n exhaustiva de los cambios de la valoraci\u00f3n est\u00e9tica del cuerpo femenino a lo largo de la historia. Se describen todas las influencias sociales y culturales que influyen en los trastornos del comportamiento alimentario (anorexia y bulimia).[\/vc_column_text][\/vc_column][vc_column width=\u00bb1\/3&#8243;][vc_single_image image=\u00bb1718&#8243; img_size=\u00bbfull\u00bb][\/vc_column][vc_column width=\u00bb1\/3&#8243;][vc_single_image image=\u00bb2215&#8243; img_size=\u00bbmedium\u00bb onclick=\u00bbimg_link_large\u00bb img_link_target=\u00bb_blank\u00bb css=\u00bb.vc_custom_1605865068263{margin-top: 18px !important;}\u00bb][\/vc_column][\/vc_row]<\/p>\n","protected":false},"excerpt":{"rendered":"<p>[vc_row][vc_column width=\u00bb1\/3&#8243;][vc_column_text]AUTOR: \u00a0Josep Toro EDITORIAL:\u00a0 Ariel A\u00d1O:\u00a0 1996 Descripci\u00f3n exhaustiva de los cambios de la valoraci\u00f3n est\u00e9tica del cuerpo femenino a lo largo de la historia. Se describen todas las influencias sociales y culturales que influyen en los trastornos del comportamiento alimentario (anorexia y bulimia).[\/vc_column_text][\/vc_column][vc_column width=\u00bb1\/3&#8243;][vc_single_image image=\u00bb1718&#8243; img_size=\u00bbfull\u00bb][\/vc_column][vc_column width=\u00bb1\/3&#8243;][vc_single_image image=\u00bb2215&#8243; img_size=\u00bbmedium\u00bb onclick=\u00bbimg_link_large\u00bb img_link_target=\u00bb_blank\u00bb css=\u00bb.vc_custom_1605865068263{margin-top: 18px&hellip;<\/p>\n","protected":false},"author":1,"featured_media":0,"parent":1711,"menu_order":0,"comment_status":"closed","ping_status":"closed","template":"","meta":{"footnotes":""},"_links":{"self":[{"href":"https:\/\/galtonbarcelona.com\/es\/wp-json\/wp\/v2\/pages\/2292"}],"collection":[{"href":"https:\/\/galtonbarcelona.com\/es\/wp-json\/wp\/v2\/pages"}],"about":[{"href":"https:\/\/galtonbarcelona.com\/es\/wp-json\/wp\/v2\/types\/page"}],"author":[{"embeddable":true,"href":"https:\/\/galtonbarcelona.com\/es\/wp-json\/wp\/v2\/users\/1"}],"replies":[{"embeddable":true,"href":"https:\/\/galtonbarcelona.com\/es\/wp-json\/wp\/v2\/comments?post=2292"}],"version-history":[{"count":2,"href":"https:\/\/galtonbarcelona.com\/es\/wp-json\/wp\/v2\/pages\/2292\/revisions"}],"predecessor-version":[{"id":2317,"href":"https:\/\/galtonbarcelona.com\/es\/wp-json\/wp\/v2\/pages\/2292\/revisions\/2317"}],"up":[{"embeddable":true,"href":"https:\/\/galtonbarcelona.com\/es\/wp-json\/wp\/v2\/pages\/1711"}],"wp:attachment":[{"href":"https:\/\/galtonbarcelona.com\/es\/wp-json\/wp\/v2\/media?parent=2292"}],"curies":[{"name":"wp","href":"https:\/\/api.w.org\/{rel}","templated":true}]}}