{"id":2299,"date":"2020-11-18T17:17:03","date_gmt":"2020-11-18T15:17:03","guid":{"rendered":"https:\/\/galtonbarcelona.com\/?page_id=2299"},"modified":"2020-11-20T12:18:32","modified_gmt":"2020-11-20T10:18:32","slug":"placebos-farmacos-y-psicoterapias","status":"publish","type":"page","link":"https:\/\/galtonbarcelona.com\/es\/libros\/placebos-farmacos-y-psicoterapias\/","title":{"rendered":"Placebos, f\u00e1rmacos y psicoterapias"},"content":{"rendered":"<p>[vc_row][vc_column width=\u00bb1\/3&#8243;][vc_column_text]AUTOR:\u00a0 Josep Toro<\/p>\n<p>EDITORIAL:\u00a0 Pir\u00e1mide<\/p>\n<p>A\u00d1O:\u00a0 2019<\/p>\n<p>Revisi\u00f3n hist\u00f3rica y actual del efecto placebo, efecto terap\u00e9utico que forma parte de cualquier tratamiento, especialmente en las psicoterapias.[\/vc_column_text][\/vc_column][vc_column width=\u00bb1\/3&#8243;][vc_single_image image=\u00bb1743&#8243; img_size=\u00bbfull\u00bb][\/vc_column][vc_column width=\u00bb1\/3&#8243;][vc_single_image image=\u00bb2231&#8243; img_size=\u00bbmedium\u00bb onclick=\u00bbimg_link_large\u00bb img_link_target=\u00bb_blank\u00bb css=\u00bb.vc_custom_1605864633572{margin-top: 18px !important;}\u00bb][\/vc_column][\/vc_row]<\/p>\n","protected":false},"excerpt":{"rendered":"<p>[vc_row][vc_column width=\u00bb1\/3&#8243;][vc_column_text]AUTOR:\u00a0 Josep Toro EDITORIAL:\u00a0 Pir\u00e1mide A\u00d1O:\u00a0 2019 Revisi\u00f3n hist\u00f3rica y actual del efecto placebo, efecto terap\u00e9utico que forma parte de cualquier tratamiento, especialmente en las psicoterapias.[\/vc_column_text][\/vc_column][vc_column width=\u00bb1\/3&#8243;][vc_single_image image=\u00bb1743&#8243; img_size=\u00bbfull\u00bb][\/vc_column][vc_column width=\u00bb1\/3&#8243;][vc_single_image image=\u00bb2231&#8243; img_size=\u00bbmedium\u00bb onclick=\u00bbimg_link_large\u00bb img_link_target=\u00bb_blank\u00bb css=\u00bb.vc_custom_1605864633572{margin-top: 18px !important;}\u00bb][\/vc_column][\/vc_row]<\/p>\n","protected":false},"author":1,"featured_media":0,"parent":1711,"menu_order":0,"comment_status":"closed","ping_status":"closed","template":"","meta":{"footnotes":""},"_links":{"self":[{"href":"https:\/\/galtonbarcelona.com\/es\/wp-json\/wp\/v2\/pages\/2299"}],"collection":[{"href":"https:\/\/galtonbarcelona.com\/es\/wp-json\/wp\/v2\/pages"}],"about":[{"href":"https:\/\/galtonbarcelona.com\/es\/wp-json\/wp\/v2\/types\/page"}],"author":[{"embeddable":true,"href":"https:\/\/galtonbarcelona.com\/es\/wp-json\/wp\/v2\/users\/1"}],"replies":[{"embeddable":true,"href":"https:\/\/galtonbarcelona.com\/es\/wp-json\/wp\/v2\/comments?post=2299"}],"version-history":[{"count":2,"href":"https:\/\/galtonbarcelona.com\/es\/wp-json\/wp\/v2\/pages\/2299\/revisions"}],"predecessor-version":[{"id":2332,"href":"https:\/\/galtonbarcelona.com\/es\/wp-json\/wp\/v2\/pages\/2299\/revisions\/2332"}],"up":[{"embeddable":true,"href":"https:\/\/galtonbarcelona.com\/es\/wp-json\/wp\/v2\/pages\/1711"}],"wp:attachment":[{"href":"https:\/\/galtonbarcelona.com\/es\/wp-json\/wp\/v2\/media?parent=2299"}],"curies":[{"name":"wp","href":"https:\/\/api.w.org\/{rel}","templated":true}]}}