{"id":2300,"date":"2020-11-19T16:39:12","date_gmt":"2020-11-19T14:39:12","guid":{"rendered":"https:\/\/galtonbarcelona.com\/?page_id=2300"},"modified":"2020-11-20T12:18:38","modified_gmt":"2020-11-20T10:18:38","slug":"psicofarmacologia-clinica-de-la-infancia-y-la-adolescencia","status":"publish","type":"page","link":"https:\/\/galtonbarcelona.com\/es\/libros\/psicofarmacologia-clinica-de-la-infancia-y-la-adolescencia\/","title":{"rendered":"Psicofarmacolog\u00eda cl\u00ednica de la infancia y la adolescencia"},"content":{"rendered":"<p>[vc_row][vc_column width=\u00bb1\/2&#8243;][vc_column_text]AUTORES: Josep Toro Trallero, Josefina Castro Fornieles, Marta Garc\u00eda\u00a0 Giral i Luisa L\u00e1zaro Garc\u00eda.<\/p>\n<p>EDITORIAL:\u00a0 Masson<\/p>\n<p>A\u00d1O:\u00a0 1998<\/p>\n<p>Primer libro publicado en castellano sobre los f\u00e1rmacos aplicados a ni\u00f1os y adolescentes con problemas psiqui\u00e1tricos.[\/vc_column_text][\/vc_column][vc_column width=\u00bb1\/2&#8243;][vc_single_image image=\u00bb1727&#8243; img_size=\u00bbfull\u00bb][\/vc_column][\/vc_row]<\/p>\n","protected":false},"excerpt":{"rendered":"<p>[vc_row][vc_column width=\u00bb1\/2&#8243;][vc_column_text]AUTORES: Josep Toro Trallero, Josefina Castro Fornieles, Marta Garc\u00eda\u00a0 Giral i Luisa L\u00e1zaro Garc\u00eda. EDITORIAL:\u00a0 Masson A\u00d1O:\u00a0 1998 Primer libro publicado en castellano sobre los f\u00e1rmacos aplicados a ni\u00f1os y adolescentes con problemas psiqui\u00e1tricos.[\/vc_column_text][\/vc_column][vc_column width=\u00bb1\/2&#8243;][vc_single_image image=\u00bb1727&#8243; img_size=\u00bbfull\u00bb][\/vc_column][\/vc_row]<\/p>\n","protected":false},"author":1,"featured_media":0,"parent":1711,"menu_order":0,"comment_status":"closed","ping_status":"closed","template":"","meta":{"footnotes":""},"_links":{"self":[{"href":"https:\/\/galtonbarcelona.com\/es\/wp-json\/wp\/v2\/pages\/2300"}],"collection":[{"href":"https:\/\/galtonbarcelona.com\/es\/wp-json\/wp\/v2\/pages"}],"about":[{"href":"https:\/\/galtonbarcelona.com\/es\/wp-json\/wp\/v2\/types\/page"}],"author":[{"embeddable":true,"href":"https:\/\/galtonbarcelona.com\/es\/wp-json\/wp\/v2\/users\/1"}],"replies":[{"embeddable":true,"href":"https:\/\/galtonbarcelona.com\/es\/wp-json\/wp\/v2\/comments?post=2300"}],"version-history":[{"count":2,"href":"https:\/\/galtonbarcelona.com\/es\/wp-json\/wp\/v2\/pages\/2300\/revisions"}],"predecessor-version":[{"id":2334,"href":"https:\/\/galtonbarcelona.com\/es\/wp-json\/wp\/v2\/pages\/2300\/revisions\/2334"}],"up":[{"embeddable":true,"href":"https:\/\/galtonbarcelona.com\/es\/wp-json\/wp\/v2\/pages\/1711"}],"wp:attachment":[{"href":"https:\/\/galtonbarcelona.com\/es\/wp-json\/wp\/v2\/media?parent=2300"}],"curies":[{"name":"wp","href":"https:\/\/api.w.org\/{rel}","templated":true}]}}