{"id":2308,"date":"2020-11-19T16:37:10","date_gmt":"2020-11-19T14:37:10","guid":{"rendered":"https:\/\/galtonbarcelona.com\/?page_id=2308"},"modified":"2020-11-20T12:19:17","modified_gmt":"2020-11-20T10:19:17","slug":"vencer-la-anorexia-el-cuerpo-como-enemigo","status":"publish","type":"page","link":"https:\/\/galtonbarcelona.com\/es\/libros\/vencer-la-anorexia-el-cuerpo-como-enemigo\/","title":{"rendered":"Vencer la anorexia. El cuerpo como enemigo"},"content":{"rendered":"<p>[vc_row][vc_column width=\u00bb1\/3&#8243;][vc_column_text]AUTORES:\u00a0 Josep Toro i M\u00f2nica Artigas<\/p>\n<p>EDITORIAL:\u00a0 Plataforma<\/p>\n<p>A\u00d1O:\u00a0 2013<\/p>\n<p>Testimonio de once ex anor\u00e9xicas sobre su trastorno y su evoluci\u00f3n. Se acompa\u00f1a de una descripci\u00f3n de las causas de la anorexia y de consejos y orientaciones para sus familias.[\/vc_column_text][\/vc_column][vc_column width=\u00bb1\/3&#8243;][vc_single_image image=\u00bb1735&#8243; img_size=\u00bbfull\u00bb][\/vc_column][vc_column width=\u00bb1\/3&#8243;][vc_single_image image=\u00bb2241&#8243; img_size=\u00bbmedium\u00bb onclick=\u00bbimg_link_large\u00bb img_link_target=\u00bb_blank\u00bb css=\u00bb.vc_custom_1605865444647{margin-top: 18px !important;}\u00bb][\/vc_column][\/vc_row]<\/p>\n","protected":false},"excerpt":{"rendered":"<p>[vc_row][vc_column width=\u00bb1\/3&#8243;][vc_column_text]AUTORES:\u00a0 Josep Toro i M\u00f2nica Artigas EDITORIAL:\u00a0 Plataforma A\u00d1O:\u00a0 2013 Testimonio de once ex anor\u00e9xicas sobre su trastorno y su evoluci\u00f3n. Se acompa\u00f1a de una descripci\u00f3n de las causas de la anorexia y de consejos y orientaciones para sus familias.[\/vc_column_text][\/vc_column][vc_column width=\u00bb1\/3&#8243;][vc_single_image image=\u00bb1735&#8243; img_size=\u00bbfull\u00bb][\/vc_column][vc_column width=\u00bb1\/3&#8243;][vc_single_image image=\u00bb2241&#8243; img_size=\u00bbmedium\u00bb onclick=\u00bbimg_link_large\u00bb img_link_target=\u00bb_blank\u00bb css=\u00bb.vc_custom_1605865444647{margin-top: 18px !important;}\u00bb][\/vc_column][\/vc_row]<\/p>\n","protected":false},"author":1,"featured_media":0,"parent":1711,"menu_order":0,"comment_status":"closed","ping_status":"closed","template":"","meta":{"footnotes":""},"_links":{"self":[{"href":"https:\/\/galtonbarcelona.com\/es\/wp-json\/wp\/v2\/pages\/2308"}],"collection":[{"href":"https:\/\/galtonbarcelona.com\/es\/wp-json\/wp\/v2\/pages"}],"about":[{"href":"https:\/\/galtonbarcelona.com\/es\/wp-json\/wp\/v2\/types\/page"}],"author":[{"embeddable":true,"href":"https:\/\/galtonbarcelona.com\/es\/wp-json\/wp\/v2\/users\/1"}],"replies":[{"embeddable":true,"href":"https:\/\/galtonbarcelona.com\/es\/wp-json\/wp\/v2\/comments?post=2308"}],"version-history":[{"count":2,"href":"https:\/\/galtonbarcelona.com\/es\/wp-json\/wp\/v2\/pages\/2308\/revisions"}],"predecessor-version":[{"id":2351,"href":"https:\/\/galtonbarcelona.com\/es\/wp-json\/wp\/v2\/pages\/2308\/revisions\/2351"}],"up":[{"embeddable":true,"href":"https:\/\/galtonbarcelona.com\/es\/wp-json\/wp\/v2\/pages\/1711"}],"wp:attachment":[{"href":"https:\/\/galtonbarcelona.com\/es\/wp-json\/wp\/v2\/media?parent=2308"}],"curies":[{"name":"wp","href":"https:\/\/api.w.org\/{rel}","templated":true}]}}